{"id":1382,"date":"2020-10-28T13:59:46","date_gmt":"2020-10-28T12:59:46","guid":{"rendered":"https:\/\/apartamentscalpatoi.cat\/?page_id=1382"},"modified":"2020-10-28T18:56:31","modified_gmt":"2020-10-28T17:56:31","slug":"cal-patoi","status":"publish","type":"page","link":"https:\/\/apartamentscalpatoi.cat\/es\/cal-patoi\/","title":{"rendered":"Cal Patoi"},"content":{"rendered":"<p>[vc_row][vc_column]<!--================ Section Heading ================-->\n<script>\n    (function($){\n        'use strict';\n\n        if(!$) return;\n\n        $(function(){\n            if(window.appear) {\n                appear({\n                    elements: function(){\n                        return document.querySelectorAll('#vc-milenia-section-heading-d93dfb2b344c548514214de1a54e882b-17776012502042090158');\n                    },\n                    appear: function(element) {\n                        var $el = $(element);\n                        $el.addClass('milenia-visible').addClass($el.data('animation'));\n                    },\n                    reappear: false,\n                    bounds: -200\n                });\n            }\n        });\n    })(window.jQuery);\n<\/script>\n<div id=\"vc-milenia-section-heading-d93dfb2b344c548514214de1a54e882b-17776012502042090158\" class=\"milenia-section-heading text-center vc_custom_1592778337808 milenia-visible\" data-animation=\"none\">\n    \n    <h2 class=\"milenia-section-title milenia-font--first-accented\" style=\"font-size: 52px;line-height: 58px;text-transform: none;font-style: normal;font-weight: 400;\">Cal Patoi<\/h2>\n\n    \n<\/div>\n<!--================ End of Section Heading ================-->\n[\/vc_column][\/vc_row][vc_row][vc_column]<!--================ Info Boxes ================-->\n<script>\n    (function($){\n        'use strict';\n\n        if(!$) return;\n\n        $(function(){\n            var $container = $('#vc-milenia-info-boxes-2db23ab39e19275dfa0e7b6fb94046ed-1777601250588470283'),\n                $dynamicBgElements,\n                $carousels;\n\n            if(!$container.length) return;\n\n            if(window.appear) {\n                appear({\n                    elements: function(){\n                        return document.querySelectorAll('#vc-milenia-info-boxes-2db23ab39e19275dfa0e7b6fb94046ed-1777601250588470283');\n                    },\n                    appear: function(element) {\n                        var $el = $(element);\n                        $el.addClass('milenia-visible').addClass($el.data('animation'));\n                    },\n                    reappear: false,\n                    bounds: -200\n                });\n            }\n\n            if(window.Milenia && window.Milenia.LinkUnderliner) {\n                window.Milenia.LinkUnderliner.init($container.find('a'));\n            }\n\n            if(window.Milenia && window.Milenia.helpers &&  window.Milenia.helpers.dynamicBgImage) {\n                $dynamicBgElements = $container.find('[data-bg-image-src]');\n                if($dynamicBgElements.length) window.Milenia.helpers.dynamicBgImage($dynamicBgElements);\n            }\n\n            if($.fn.owlCarousel) {\n                $carousels = $container.find('.milenia-simple-slideshow--shortcode');\n\n                if($carousels.length) {\n                    if(window.Milenia && window.Milenia.helpers && window.Milenia.helpers.owlSettings) {\n                        $carousels.each(function(i,e) {\n                            $(e).owlCarousel(window.Milenia.helpers.owlSettings({\n                                margin: 1,\n                                loop: true,\n                                autoplay: $(e).hasClass('milenia-simple-slideshow--autoplay')\n                            }));\n                        });\n                    }\n                    else {\n                        $carousels.owlCarousel({\n                            items: 1\n                        });\n                    }\n                }\n            }\n        });\n    })(window.jQuery);\n<\/script>\n\n<div id=\"vc-milenia-info-boxes-2db23ab39e19275dfa0e7b6fb94046ed-1777601250588470283\" class=\"milenia-entities milenia-entities--style-3 milenia-entities--unreverse milenia-entities--filled  milenia-visible\" data-animation=\"none\">\n    <div class=\"milenia-grid milenia-grid--cols-1 milenia-grid--gutters\">\n        <!--================ Info Boxes Item ================-->\n<div class=\"milenia-grid-item\">\n    <article class=\"milenia-entity milenia-entity--format-slideshow\">\n        <div class=\"milenia-entity-media\">\n    <div class=\"owl-carousel milenia-simple-slideshow milenia-simple-slideshow--shortcode owl-carousel--vadaptive\">\n        <div style=\"background-image: url(https:\/\/apartamentscalpatoi.cat\/wp-content\/uploads\/2020\/05\/IMG_5174-1-scaled.jpeg)\" data-bg-image-src=\"https:\/\/apartamentscalpatoi.cat\/wp-content\/uploads\/2020\/05\/IMG_5174-1-scaled.jpeg\" class=\"milenia-entity-slide\"><\/div><div style=\"background-image: url(https:\/\/apartamentscalpatoi.cat\/wp-content\/uploads\/2020\/05\/IMG_5144-1.jpeg)\" data-bg-image-src=\"https:\/\/apartamentscalpatoi.cat\/wp-content\/uploads\/2020\/05\/IMG_5144-1.jpeg\" class=\"milenia-entity-slide\"><\/div><div style=\"background-image: url(https:\/\/apartamentscalpatoi.cat\/wp-content\/uploads\/2020\/05\/IMG_5139-2.jpeg)\" data-bg-image-src=\"https:\/\/apartamentscalpatoi.cat\/wp-content\/uploads\/2020\/05\/IMG_5139-2.jpeg\" class=\"milenia-entity-slide\"><\/div><div style=\"background-image: url(https:\/\/apartamentscalpatoi.cat\/wp-content\/uploads\/2020\/05\/IMG_4872-1-scaled.jpg)\" data-bg-image-src=\"https:\/\/apartamentscalpatoi.cat\/wp-content\/uploads\/2020\/05\/IMG_4872-1-scaled.jpg\" class=\"milenia-entity-slide\"><\/div><div style=\"background-image: url(https:\/\/apartamentscalpatoi.cat\/wp-content\/uploads\/2020\/05\/IMG_4870-2.jpeg)\" data-bg-image-src=\"https:\/\/apartamentscalpatoi.cat\/wp-content\/uploads\/2020\/05\/IMG_4870-2.jpeg\" class=\"milenia-entity-slide\"><\/div><div style=\"background-image: url(https:\/\/apartamentscalpatoi.cat\/wp-content\/uploads\/2020\/05\/IMG_4811-1-scaled.jpeg)\" data-bg-image-src=\"https:\/\/apartamentscalpatoi.cat\/wp-content\/uploads\/2020\/05\/IMG_4811-1-scaled.jpeg\" class=\"milenia-entity-slide\"><\/div><div style=\"background-image: url(https:\/\/apartamentscalpatoi.cat\/wp-content\/uploads\/2020\/05\/IMG_4804-3-scaled.jpeg)\" data-bg-image-src=\"https:\/\/apartamentscalpatoi.cat\/wp-content\/uploads\/2020\/05\/IMG_4804-3-scaled.jpeg\" class=\"milenia-entity-slide\"><\/div><div style=\"background-image: url(https:\/\/apartamentscalpatoi.cat\/wp-content\/uploads\/2020\/05\/IMG_4794-3-scaled.jpeg)\" data-bg-image-src=\"https:\/\/apartamentscalpatoi.cat\/wp-content\/uploads\/2020\/05\/IMG_4794-3-scaled.jpeg\" class=\"milenia-entity-slide\"><\/div><div style=\"background-image: url(https:\/\/apartamentscalpatoi.cat\/wp-content\/uploads\/2020\/05\/05-DSC_0344-3-scaled.jpg)\" data-bg-image-src=\"https:\/\/apartamentscalpatoi.cat\/wp-content\/uploads\/2020\/05\/05-DSC_0344-3-scaled.jpg\" class=\"milenia-entity-slide\"><\/div><div style=\"background-image: url(https:\/\/apartamentscalpatoi.cat\/wp-content\/uploads\/2020\/05\/01-IMG_5365-3-scaled.jpeg)\" data-bg-image-src=\"https:\/\/apartamentscalpatoi.cat\/wp-content\/uploads\/2020\/05\/01-IMG_5365-3-scaled.jpeg\" class=\"milenia-entity-slide\"><\/div>\n    <\/div>\n<\/div>\n\n\n        <div class=\"milenia-entity-content milenia-aligner\">\n            <div class=\"milenia-aligner-outer\">\n                <div class=\"milenia-aligner-inner\">\n                    <header class=\"milenia-entity-header\">\n                        \n                        \n                    <\/header>\n                    <div class=\"milenia-entity-body\"><p>Cal Patoi es una casa de nueva construcci\u00f3n formada por 6 apartamentos independientes. Est\u00e1 situada en el casco antiguo de Martinet, capital del Barid\u00e0, el territorio m\u00e1s virgen de La Cerdanya y a los pies del Parque Natural del Cad\u00ed-Moixer\u00f3. <\/p>\n<p>Los apartamentos se encuentran entre Puigcerd\u00e0 y la Seu d'Urgell, a 40 minutos de Andorra y a 30 de las estaciones de esqu\u00ed de La Molina y Masella.<\/p>\n<p>La casa de Cal Patoi est\u00e1 apartada de la carretera y por tanto se sit\u00faa en una zona tranquila, silenciosa y con predominio del sol.<\/p>\n<p>Apostamos por combinar comodidad, tecnolog\u00eda y funcionalidad, porque queremos que te sientas a gusto. Cada apartamento tiene cocina, comedor, sala de estar, habitaci\u00f3n doble, habitaci\u00f3n con litera y ba\u00f1o privado. Los dos apartamentos del piso superior tienen, adem\u00e1s altillo, ampliando as\u00ed la capacidad a 6 personas. Los dos apartamentos de la planta baja tienen acceso directo a la terraza. <\/p>\n<p>Adem\u00e1s, disponen de parking privado, sistema de dom\u00f3tica para facilitar el acceso y Wi-Fi en todo el edificio. Tambi\u00e9n tienen un amplio espacio exterior comunitario con zona infantil. Si quieres saber todo lo que incluyen te lo detallamos en el apartado de los apartamentos. <\/p>\n<\/div>\n\n                    \n                <\/div>\n            <\/div>\n        <\/div>\n    <\/article>\n<\/div>\n<!--================ End of Info Boxes Item ================-->\n\n    <\/div>\n<\/div>\n<!--================ End of Info Boxes ================-->\n[vc_column_text]<span style=\"font-weight: 400;\">Nos encontramos en el lugar indicado para los <b>amantes de la monta\u00f1a<\/b> y las actividades en la <b>naturaleza<\/b>. Si has elegido Cal Patoi tanto para venir a desconectar durante el fin de semana, como para pasar unas vacaciones m\u00e1s largas, es el lugar que est\u00e1s buscando. <\/span><\/p>\n<p><span style=\"font-weight: 400;\">Estamos rodeados de senderos, cumbres y caminos para disfrutar de diferentes maneras a lo largo de <b>todas las \u00e9pocas del a\u00f1o<\/b>. Puedes echar un vistazo al apartado de entorno y actividades donde te describimos varias propuestas. todas las \u00e9pocas del a\u00f1o. Puedes echar un vistazo al apartado de entorno y actividades donde te describimos varias propuestas. <\/span><\/p>\n<p><span style=\"font-weight: 400;\">\u00a1Disfruta de una <b>estancia agradable y tranquila<\/b> en un entorno \u00fanico dentro del Parque Natural del Cad\u00ed-Moixer\u00f3!<\/span>[\/vc_column_text][\/vc_column][\/vc_row]<\/p>\n","protected":false},"excerpt":{"rendered":"<p>[vc_row][vc_column][\/vc_column][\/vc_row][vc_row][vc_column][vc_column_text]Nos encontramos en el lugar indicado para los amantes de la monta\u00f1a y las actividades en la naturaleza&#8230;.<\/p>\n","protected":false},"author":4,"featured_media":0,"parent":0,"menu_order":0,"comment_status":"closed","ping_status":"closed","template":"","meta":{"footnotes":""},"class_list":["post-1382","page","type-page","status-publish","hentry"],"yoast_head":"<!-- This site is optimized with the Yoast SEO plugin v26.8 - https:\/\/yoast.com\/product\/yoast-seo-wordpress\/ -->\n<title>Sobre nosotros - Cal Patoi<\/title>\n<meta name=\"description\" content=\"Cal Patoi es una casa de nueva construcci\u00f3n formada por 6 apartamentos independientes, situada en Martinet de Cerdanya. \u00a1Vis\u00edtanos!\" \/>\n<meta name=\"robots\" content=\"index, follow, max-snippet:-1, max-image-preview:large, max-video-preview:-1\" \/>\n<link rel=\"canonical\" href=\"https:\/\/apartamentscalpatoi.cat\/es\/cal-patoi\/\" \/>\n<meta property=\"og:locale\" content=\"es_ES\" \/>\n<meta property=\"og:type\" content=\"article\" \/>\n<meta property=\"og:title\" content=\"Sobre nosotros - Cal Patoi\" \/>\n<meta property=\"og:description\" content=\"Cal Patoi es una casa de nueva construcci\u00f3n formada por 6 apartamentos independientes, situada en Martinet de Cerdanya. \u00a1Vis\u00edtanos!\" \/>\n<meta property=\"og:url\" content=\"https:\/\/apartamentscalpatoi.cat\/es\/cal-patoi\/\" \/>\n<meta property=\"og:site_name\" content=\"Cal Patoi\" \/>\n<meta property=\"article:publisher\" content=\"https:\/\/www.facebook.com\/apartamentscalpatoi\" \/>\n<meta property=\"article:modified_time\" content=\"2020-10-28T17:56:31+00:00\" \/>\n<meta name=\"twitter:card\" content=\"summary_large_image\" \/>\n<meta name=\"twitter:label1\" content=\"Tiempo de lectura\" \/>\n\t<meta name=\"twitter:data1\" content=\"2 minutos\" \/>\n<script type=\"application\/ld+json\" class=\"yoast-schema-graph\">{\"@context\":\"https:\/\/schema.org\",\"@graph\":[{\"@type\":\"WebPage\",\"@id\":\"https:\/\/apartamentscalpatoi.cat\/es\/cal-patoi\/\",\"url\":\"https:\/\/apartamentscalpatoi.cat\/es\/cal-patoi\/\",\"name\":\"Sobre nosotros - Cal Patoi\",\"isPartOf\":{\"@id\":\"\/#website\"},\"datePublished\":\"2020-10-28T12:59:46+00:00\",\"dateModified\":\"2020-10-28T17:56:31+00:00\",\"description\":\"Cal Patoi es una casa de nueva construcci\u00f3n formada por 6 apartamentos independientes, situada en Martinet de Cerdanya. \u00a1Vis\u00edtanos!\",\"breadcrumb\":{\"@id\":\"https:\/\/apartamentscalpatoi.cat\/es\/cal-patoi\/#breadcrumb\"},\"inLanguage\":\"es\",\"potentialAction\":[{\"@type\":\"ReadAction\",\"target\":[\"https:\/\/apartamentscalpatoi.cat\/es\/cal-patoi\/\"]}]},{\"@type\":\"BreadcrumbList\",\"@id\":\"https:\/\/apartamentscalpatoi.cat\/es\/cal-patoi\/#breadcrumb\",\"itemListElement\":[{\"@type\":\"ListItem\",\"position\":1,\"name\":\"Home\",\"item\":\"https:\/\/apartamentscalpatoi.cat\/es\/\"},{\"@type\":\"ListItem\",\"position\":2,\"name\":\"Cal Patoi\"}]},{\"@type\":\"WebSite\",\"@id\":\"\/#website\",\"url\":\"\/\",\"name\":\"Cal Patoi\",\"description\":\"Apartaments de nova construcci\u00f3 a la Cerdanya, entre Puigcerd\u00e0, la Seu d&#039;Urgell i Andorra. Ideals per gaudir d&#039;una estada tranquil\u00b7la i agradable, rodejats pel...\",\"publisher\":{\"@id\":\"\/#organization\"},\"potentialAction\":[{\"@type\":\"SearchAction\",\"target\":{\"@type\":\"EntryPoint\",\"urlTemplate\":\"\/?s={search_term_string}\"},\"query-input\":{\"@type\":\"PropertyValueSpecification\",\"valueRequired\":true,\"valueName\":\"search_term_string\"}}],\"inLanguage\":\"es\"},{\"@type\":\"Organization\",\"@id\":\"\/#organization\",\"name\":\"Apartaments Tur\u00edstics Cal Patoi\",\"url\":\"\/\",\"logo\":{\"@type\":\"ImageObject\",\"inLanguage\":\"es\",\"@id\":\"\/#\/schema\/logo\/image\/\",\"url\":\"https:\/\/apartamentscalpatoi.cat\/wp-content\/uploads\/2020\/09\/logo-cal-patoi.png\",\"contentUrl\":\"https:\/\/apartamentscalpatoi.cat\/wp-content\/uploads\/2020\/09\/logo-cal-patoi.png\",\"width\":294,\"height\":66,\"caption\":\"Apartaments Tur\u00edstics Cal Patoi\"},\"image\":{\"@id\":\"\/#\/schema\/logo\/image\/\"},\"sameAs\":[\"https:\/\/www.facebook.com\/apartamentscalpatoi\",\"https:\/\/www.instagram.com\/cal_patoi\/\"]}]}<\/script>\n<!-- \/ Yoast SEO plugin. -->","yoast_head_json":{"title":"Sobre nosotros - Cal Patoi","description":"Cal Patoi es una casa de nueva construcci\u00f3n formada por 6 apartamentos independientes, situada en Martinet de Cerdanya. \u00a1Vis\u00edtanos!","robots":{"index":"index","follow":"follow","max-snippet":"max-snippet:-1","max-image-preview":"max-image-preview:large","max-video-preview":"max-video-preview:-1"},"canonical":"https:\/\/apartamentscalpatoi.cat\/es\/cal-patoi\/","og_locale":"es_ES","og_type":"article","og_title":"Sobre nosotros - Cal Patoi","og_description":"Cal Patoi es una casa de nueva construcci\u00f3n formada por 6 apartamentos independientes, situada en Martinet de Cerdanya. \u00a1Vis\u00edtanos!","og_url":"https:\/\/apartamentscalpatoi.cat\/es\/cal-patoi\/","og_site_name":"Cal Patoi","article_publisher":"https:\/\/www.facebook.com\/apartamentscalpatoi","article_modified_time":"2020-10-28T17:56:31+00:00","twitter_card":"summary_large_image","twitter_misc":{"Tiempo de lectura":"2 minutos"},"schema":{"@context":"https:\/\/schema.org","@graph":[{"@type":"WebPage","@id":"https:\/\/apartamentscalpatoi.cat\/es\/cal-patoi\/","url":"https:\/\/apartamentscalpatoi.cat\/es\/cal-patoi\/","name":"Sobre nosotros - Cal Patoi","isPartOf":{"@id":"\/#website"},"datePublished":"2020-10-28T12:59:46+00:00","dateModified":"2020-10-28T17:56:31+00:00","description":"Cal Patoi es una casa de nueva construcci\u00f3n formada por 6 apartamentos independientes, situada en Martinet de Cerdanya. \u00a1Vis\u00edtanos!","breadcrumb":{"@id":"https:\/\/apartamentscalpatoi.cat\/es\/cal-patoi\/#breadcrumb"},"inLanguage":"es","potentialAction":[{"@type":"ReadAction","target":["https:\/\/apartamentscalpatoi.cat\/es\/cal-patoi\/"]}]},{"@type":"BreadcrumbList","@id":"https:\/\/apartamentscalpatoi.cat\/es\/cal-patoi\/#breadcrumb","itemListElement":[{"@type":"ListItem","position":1,"name":"Home","item":"https:\/\/apartamentscalpatoi.cat\/es\/"},{"@type":"ListItem","position":2,"name":"Cal Patoi"}]},{"@type":"WebSite","@id":"\/#website","url":"\/","name":"Cal Patoi","description":"Apartaments de nova construcci\u00f3 a la Cerdanya, entre Puigcerd\u00e0, la Seu d&#039;Urgell i Andorra. Ideals per gaudir d&#039;una estada tranquil\u00b7la i agradable, rodejats pel...","publisher":{"@id":"\/#organization"},"potentialAction":[{"@type":"SearchAction","target":{"@type":"EntryPoint","urlTemplate":"\/?s={search_term_string}"},"query-input":{"@type":"PropertyValueSpecification","valueRequired":true,"valueName":"search_term_string"}}],"inLanguage":"es"},{"@type":"Organization","@id":"\/#organization","name":"Apartaments Tur\u00edstics Cal Patoi","url":"\/","logo":{"@type":"ImageObject","inLanguage":"es","@id":"\/#\/schema\/logo\/image\/","url":"https:\/\/apartamentscalpatoi.cat\/wp-content\/uploads\/2020\/09\/logo-cal-patoi.png","contentUrl":"https:\/\/apartamentscalpatoi.cat\/wp-content\/uploads\/2020\/09\/logo-cal-patoi.png","width":294,"height":66,"caption":"Apartaments Tur\u00edstics Cal Patoi"},"image":{"@id":"\/#\/schema\/logo\/image\/"},"sameAs":["https:\/\/www.facebook.com\/apartamentscalpatoi","https:\/\/www.instagram.com\/cal_patoi\/"]}]}},"_links":{"self":[{"href":"https:\/\/apartamentscalpatoi.cat\/es\/wp-json\/wp\/v2\/pages\/1382","targetHints":{"allow":["GET"]}}],"collection":[{"href":"https:\/\/apartamentscalpatoi.cat\/es\/wp-json\/wp\/v2\/pages"}],"about":[{"href":"https:\/\/apartamentscalpatoi.cat\/es\/wp-json\/wp\/v2\/types\/page"}],"author":[{"embeddable":true,"href":"https:\/\/apartamentscalpatoi.cat\/es\/wp-json\/wp\/v2\/users\/4"}],"replies":[{"embeddable":true,"href":"https:\/\/apartamentscalpatoi.cat\/es\/wp-json\/wp\/v2\/comments?post=1382"}],"version-history":[{"count":0,"href":"https:\/\/apartamentscalpatoi.cat\/es\/wp-json\/wp\/v2\/pages\/1382\/revisions"}],"wp:attachment":[{"href":"https:\/\/apartamentscalpatoi.cat\/es\/wp-json\/wp\/v2\/media?parent=1382"}],"curies":[{"name":"wp","href":"https:\/\/api.w.org\/{rel}","templated":true}]}}