{"id":1368,"date":"2020-10-28T13:53:11","date_gmt":"2020-10-28T12:53:11","guid":{"rendered":"https:\/\/apartamentscalpatoi.cat\/?page_id=1368"},"modified":"2020-10-29T11:19:33","modified_gmt":"2020-10-29T10:19:33","slug":"entorno-y-actividades","status":"publish","type":"page","link":"https:\/\/apartamentscalpatoi.cat\/es\/entorno-y-actividades\/","title":{"rendered":"Entorno y actividades"},"content":{"rendered":"<p>[vc_section][vc_row][vc_column]<!--================ Section Heading ================-->\n<script>\n    (function($){\n        'use strict';\n\n        if(!$) return;\n\n        $(function(){\n            if(window.appear) {\n                appear({\n                    elements: function(){\n                        return document.querySelectorAll('#vc-milenia-section-heading-3bdd17f04d888e76a92567d3346a38cd-17787659371135636944');\n                    },\n                    appear: function(element) {\n                        var $el = $(element);\n                        $el.addClass('milenia-visible').addClass($el.data('animation'));\n                    },\n                    reappear: false,\n                    bounds: -200\n                });\n            }\n        });\n    })(window.jQuery);\n<\/script>\n<div id=\"vc-milenia-section-heading-3bdd17f04d888e76a92567d3346a38cd-17787659371135636944\" class=\"milenia-section-heading text-center vc_custom_1603889786425 milenia-visible\" data-animation=\"none\">\n    <h6 class=\"milenia-section-subtitle milenia-font--like-body\" style=\"color: #ae745a;font-size: 14px;line-height: 20px;letter-spacing: 4.2px;margin-bottom: 10px;text-transform: uppercase;font-style: normal;font-weight: 400;\">DISFRUTA DE TU ESTANCIA<\/h6>\n\n    <h2 class=\"milenia-section-title milenia-font--first-accented\" style=\"color: #000000;font-size: 52px;line-height: 58px;text-transform: none;font-style: normal;font-weight: 400;\">Entorno y actividades<\/h2>\n\n    \n<\/div>\n<!--================ End of Section Heading ================-->\n[\/vc_column][\/vc_row][vc_row][vc_column]<!--================ Info Boxes ================-->\n<script>\n    (function($){\n        'use strict';\n\n        if(!$) return;\n\n        $(function(){\n            var $container = $('#vc-milenia-info-boxes-767d96b9efa671958176b5e691bef347-17787659371183462216'),\n                $dynamicBgElements,\n                $carousels;\n\n            if(!$container.length) return;\n\n            if(window.appear) {\n                appear({\n                    elements: function(){\n                        return document.querySelectorAll('#vc-milenia-info-boxes-767d96b9efa671958176b5e691bef347-17787659371183462216');\n                    },\n                    appear: function(element) {\n                        var $el = $(element);\n                        $el.addClass('milenia-visible').addClass($el.data('animation'));\n                    },\n                    reappear: false,\n                    bounds: -200\n                });\n            }\n\n            if(window.Milenia && window.Milenia.LinkUnderliner) {\n                window.Milenia.LinkUnderliner.init($container.find('a'));\n            }\n\n            if(window.Milenia && window.Milenia.helpers &&  window.Milenia.helpers.dynamicBgImage) {\n                $dynamicBgElements = $container.find('[data-bg-image-src]');\n                if($dynamicBgElements.length) window.Milenia.helpers.dynamicBgImage($dynamicBgElements);\n            }\n\n            if($.fn.owlCarousel) {\n                $carousels = $container.find('.milenia-simple-slideshow--shortcode');\n\n                if($carousels.length) {\n                    if(window.Milenia && window.Milenia.helpers && window.Milenia.helpers.owlSettings) {\n                        $carousels.each(function(i,e) {\n                            $(e).owlCarousel(window.Milenia.helpers.owlSettings({\n                                margin: 1,\n                                loop: true,\n                                autoplay: $(e).hasClass('milenia-simple-slideshow--autoplay')\n                            }));\n                        });\n                    }\n                    else {\n                        $carousels.owlCarousel({\n                            items: 1\n                        });\n                    }\n                }\n            }\n        });\n    })(window.jQuery);\n<\/script>\n\n<div id=\"vc-milenia-info-boxes-767d96b9efa671958176b5e691bef347-17787659371183462216\" class=\"milenia-entities milenia-entities--style-3 milenia-entities--unreverse milenia-entities--filled  milenia-visible\" data-animation=\"none\">\n    <div class=\"milenia-grid milenia-grid--cols-1 milenia-grid--gutters\">\n        <!--================ Info Boxes Item ================-->\n<div class=\"milenia-grid-item\">\n    <article class=\"milenia-entity milenia-entity--format-slideshow\">\n        <div class=\"milenia-entity-media\">\n    <div class=\"owl-carousel milenia-simple-slideshow milenia-simple-slideshow--shortcode owl-carousel--vadaptive\">\n        <div style=\"background-image: url(https:\/\/apartamentscalpatoi.cat\/wp-content\/uploads\/2020\/05\/IMG_4914-2.jpeg)\" data-bg-image-src=\"https:\/\/apartamentscalpatoi.cat\/wp-content\/uploads\/2020\/05\/IMG_4914-2.jpeg\" class=\"milenia-entity-slide\"><\/div><div style=\"background-image: url(https:\/\/apartamentscalpatoi.cat\/wp-content\/uploads\/2020\/05\/IMG_5071-scaled.jpeg)\" data-bg-image-src=\"https:\/\/apartamentscalpatoi.cat\/wp-content\/uploads\/2020\/05\/IMG_5071-scaled.jpeg\" class=\"milenia-entity-slide\"><\/div><div style=\"background-image: url(https:\/\/apartamentscalpatoi.cat\/wp-content\/uploads\/2020\/05\/IMG_5173.jpeg)\" data-bg-image-src=\"https:\/\/apartamentscalpatoi.cat\/wp-content\/uploads\/2020\/05\/IMG_5173.jpeg\" class=\"milenia-entity-slide\"><\/div><div style=\"background-image: url(https:\/\/apartamentscalpatoi.cat\/wp-content\/uploads\/2020\/05\/IMG_5178B.jpg)\" data-bg-image-src=\"https:\/\/apartamentscalpatoi.cat\/wp-content\/uploads\/2020\/05\/IMG_5178B.jpg\" class=\"milenia-entity-slide\"><\/div><div style=\"background-image: url(https:\/\/apartamentscalpatoi.cat\/wp-content\/uploads\/2020\/05\/IMG_5189-scaled.jpeg)\" data-bg-image-src=\"https:\/\/apartamentscalpatoi.cat\/wp-content\/uploads\/2020\/05\/IMG_5189-scaled.jpeg\" class=\"milenia-entity-slide\"><\/div><div style=\"background-image: url(https:\/\/apartamentscalpatoi.cat\/wp-content\/uploads\/2020\/05\/IMG_5360-scaled.jpeg)\" data-bg-image-src=\"https:\/\/apartamentscalpatoi.cat\/wp-content\/uploads\/2020\/05\/IMG_5360-scaled.jpeg\" class=\"milenia-entity-slide\"><\/div><div style=\"background-image: url(https:\/\/apartamentscalpatoi.cat\/wp-content\/uploads\/2020\/05\/IMG_5381.jpeg)\" data-bg-image-src=\"https:\/\/apartamentscalpatoi.cat\/wp-content\/uploads\/2020\/05\/IMG_5381.jpeg\" class=\"milenia-entity-slide\"><\/div><div style=\"background-image: url(https:\/\/apartamentscalpatoi.cat\/wp-content\/uploads\/2020\/05\/IMG_5664-scaled.jpeg)\" data-bg-image-src=\"https:\/\/apartamentscalpatoi.cat\/wp-content\/uploads\/2020\/05\/IMG_5664-scaled.jpeg\" class=\"milenia-entity-slide\"><\/div><div style=\"background-image: url(https:\/\/apartamentscalpatoi.cat\/wp-content\/uploads\/2020\/05\/IMG_5667-scaled.jpeg)\" data-bg-image-src=\"https:\/\/apartamentscalpatoi.cat\/wp-content\/uploads\/2020\/05\/IMG_5667-scaled.jpeg\" class=\"milenia-entity-slide\"><\/div><div style=\"background-image: url(https:\/\/apartamentscalpatoi.cat\/wp-content\/uploads\/2020\/05\/IMG_5691-scaled.jpeg)\" data-bg-image-src=\"https:\/\/apartamentscalpatoi.cat\/wp-content\/uploads\/2020\/05\/IMG_5691-scaled.jpeg\" class=\"milenia-entity-slide\"><\/div>\n    <\/div>\n<\/div>\n\n\n        <div class=\"milenia-entity-content milenia-aligner\">\n            <div class=\"milenia-aligner-outer\">\n                <div class=\"milenia-aligner-inner\">\n                    <header class=\"milenia-entity-header\">\n                        \n                        \n                    <\/header>\n                    <div class=\"milenia-entity-body\"><p>El t\u00e9rmino municipal de Montell\u00e0 i Martinet comprende tambi\u00e9n los n\u00facleos de B\u00e9ixec, V\u00edllec y Estana. El municipio limita al oeste con la comarca del Alt Urgell y al sur con el Bergued\u00e0. Montell\u00e0 i Martinet es una de las puertas de entrada al Parque Natural del Cad\u00ed-Moixer\u00f3, y es el punto de partida de numerosos paseos y rutas de senderismo y monta\u00f1a.<\/p>\n<p>Espais naturals com Prat de Cad\u00ed situat al peu de la muntanya, la vall de Ridolaina, el Prat d'Aguil\u00f3 situat a 1700m d\u2019altura amb el seu refugi, o les canals del Cristall i Baridana s\u00f3n alguns dels espais privilegiats que configuren aquest gran entorn.<\/p>\n<p>El paso del r\u00edo Segre por el municipio es tan remarcable, que tienen ubicado el Centro de interpretaci\u00f3n de los ecosistemas fluviales, tambi\u00e9n llamada Casa del R\u00edo.<\/p>\n<p>El Parque de los Bunkers, uno de los m\u00e1s importantes del territorio catal\u00e1n, ya que est\u00e1 bien documentado y adaptado para los visitantes, intenta explicar de manera comprensible y cautivadora los motivos de su construcci\u00f3n como fortificaci\u00f3n de defensa que se alarga desde el Cap de Creus hasta el Pa\u00eds Vasco con un conjunto de casi 10.000 bunkers.<\/p>\n<p>En este entorno privilegiado se pueden desarrollar, entre otras, las siguientes actividades:<\/p>\n<\/div>\n\n                    \n                <\/div>\n            <\/div>\n        <\/div>\n    <\/article>\n<\/div>\n<!--================ End of Info Boxes Item ================-->\n\n    <\/div>\n<\/div>\n<!--================ End of Info Boxes ================-->\n[\/vc_column][\/vc_row][\/vc_section][vc_section full_width=&#8221;stretch_row&#8221; css=&#8221;.vc_custom_1601390537777{padding-top: 50px !important;padding-bottom: 50px !important;background-color: #f1f1f1 !important;}&#8221;][vc_row][vc_column][vc_column_text]<\/p>\n<h6><span style=\"color: #ae745a;\">Deportes:<\/span><\/h6>\n<p>&#8211; Senderismo, trail running y BTT: M\u00faltiples senderos y pistas mixtas, marcados por toda la Cerdanya.<br \/>\n&#8211; Deportes de aventura (Rafting, pirag\u00fcismo, hidrospeed): En el parque ol\u00edmpico del Segre de la Seu d&#8217;Urgell y tambi\u00e9n en la estaci\u00f3n de La Molina.<br \/>\n&#8211; Golf: Campos de Fontanals, Sant Marc, Real Club de Golf de Cerdanya y Aravell.<br \/>\n&#8211; Esqu\u00ed de fondo y raquetas: Estaciones de Aransa, Ll\u00e9s, Sant Joan de l&#8217;Erm, Guils Fontanera y estaciones de la Cerdanya francesa.<br \/>\n&#8211; Esqu\u00ed alpino: La Molina, Masella, estaciones de Andorra y Francia.<\/p>\n<h6><span style=\"color: #ae745a;\">Cultura, ocio y gastronom\u00eda:<\/span><\/h6>\n<p>&#8211; Visitas a pay\u00e9s.<br \/>\n&#8211; Parque Natural del Cad\u00ed Moixer\u00f3 (espacio natural m\u00e1s grande de Catalu\u00f1a).<br \/>\n&#8211; Parque de los bunkers de Martinet.<br \/>\n&#8211; H\u00edpicas, aeron\u00e1utica, alquiler de quads.<br \/>\n&#8211; Rutas del Rom\u00e1nico.<br \/>\n&#8211; Disfrutar de la cocina de monta\u00f1a en los m\u00faltiples restaurantes de nuestra comarca.[\/vc_column_text][\/vc_column][\/vc_row][\/vc_section]<\/p>\n","protected":false},"excerpt":{"rendered":"<p>[vc_section][vc_row][vc_column][\/vc_column][\/vc_row][vc_row][vc_column][\/vc_column][\/vc_row][\/vc_section][vc_section full_width=&#8221;stretch_row&#8221; css=&#8221;.vc_custom_1601390537777{padding-top: 50px !important;padding-bottom: 50px !important;background-color: #f1f1f1 !important;}&#8221;][vc_row][vc_column][vc_column_text] Deportes: &#8211; Senderismo, trail running y BTT: M\u00faltiples senderos&#8230;<\/p>\n","protected":false},"author":4,"featured_media":0,"parent":0,"menu_order":0,"comment_status":"closed","ping_status":"closed","template":"","meta":{"footnotes":""},"class_list":["post-1368","page","type-page","status-publish","hentry"],"yoast_head":"<!-- This site is optimized with the Yoast SEO plugin v27.6 - https:\/\/yoast.com\/product\/yoast-seo-wordpress\/ -->\n<title>Entorno y Actividades en la Cerdanya - Apartamentos Tur\u00edsticos Cal Patoi<\/title>\n<meta name=\"description\" content=\"Descubre el entorno y las actividades disponibles en la Cerdanya en tu estancia en nuestros apartamentos. \u00a1Pide m\u00e1s informaci\u00f3n!\" \/>\n<meta name=\"robots\" content=\"index, follow, max-snippet:-1, max-image-preview:large, max-video-preview:-1\" \/>\n<link rel=\"canonical\" href=\"https:\/\/apartamentscalpatoi.cat\/es\/entorno-y-actividades\/\" \/>\n<meta property=\"og:locale\" content=\"es_ES\" \/>\n<meta property=\"og:type\" content=\"article\" \/>\n<meta property=\"og:title\" content=\"Entorno y Actividades en la Cerdanya - Apartamentos Tur\u00edsticos Cal Patoi\" \/>\n<meta property=\"og:description\" content=\"Descubre el entorno y las actividades disponibles en la Cerdanya en tu estancia en nuestros apartamentos. \u00a1Pide m\u00e1s informaci\u00f3n!\" \/>\n<meta property=\"og:url\" content=\"https:\/\/apartamentscalpatoi.cat\/es\/entorno-y-actividades\/\" \/>\n<meta property=\"og:site_name\" content=\"Cal Patoi\" \/>\n<meta property=\"article:publisher\" content=\"https:\/\/www.facebook.com\/apartamentscalpatoi\" \/>\n<meta property=\"article:modified_time\" content=\"2020-10-29T10:19:33+00:00\" \/>\n<meta name=\"twitter:card\" content=\"summary_large_image\" \/>\n<meta name=\"twitter:label1\" content=\"Tiempo de lectura\" \/>\n\t<meta name=\"twitter:data1\" content=\"3 minutos\" \/>\n<script type=\"application\/ld+json\" class=\"yoast-schema-graph\">{\"@context\":\"https:\\\/\\\/schema.org\",\"@graph\":[{\"@type\":\"WebPage\",\"@id\":\"https:\\\/\\\/apartamentscalpatoi.cat\\\/es\\\/entorno-y-actividades\\\/\",\"url\":\"https:\\\/\\\/apartamentscalpatoi.cat\\\/es\\\/entorno-y-actividades\\\/\",\"name\":\"Entorno y Actividades en la Cerdanya - Apartamentos Tur\u00edsticos Cal Patoi\",\"isPartOf\":{\"@id\":\"\\\/#website\"},\"datePublished\":\"2020-10-28T12:53:11+00:00\",\"dateModified\":\"2020-10-29T10:19:33+00:00\",\"description\":\"Descubre el entorno y las actividades disponibles en la Cerdanya en tu estancia en nuestros apartamentos. \u00a1Pide m\u00e1s informaci\u00f3n!\",\"breadcrumb\":{\"@id\":\"https:\\\/\\\/apartamentscalpatoi.cat\\\/es\\\/entorno-y-actividades\\\/#breadcrumb\"},\"inLanguage\":\"es\",\"potentialAction\":[{\"@type\":\"ReadAction\",\"target\":[\"https:\\\/\\\/apartamentscalpatoi.cat\\\/es\\\/entorno-y-actividades\\\/\"]}]},{\"@type\":\"BreadcrumbList\",\"@id\":\"https:\\\/\\\/apartamentscalpatoi.cat\\\/es\\\/entorno-y-actividades\\\/#breadcrumb\",\"itemListElement\":[{\"@type\":\"ListItem\",\"position\":1,\"name\":\"Home\",\"item\":\"https:\\\/\\\/apartamentscalpatoi.cat\\\/es\\\/\"},{\"@type\":\"ListItem\",\"position\":2,\"name\":\"Entorno y actividades\"}]},{\"@type\":\"WebSite\",\"@id\":\"\\\/#website\",\"url\":\"\\\/\",\"name\":\"Cal Patoi\",\"description\":\"Apartaments de nova construcci\u00f3 a la Cerdanya, entre Puigcerd\u00e0, la Seu d&#039;Urgell i Andorra. Ideals per gaudir d&#039;una estada tranquil\u00b7la i agradable, rodejats pel...\",\"publisher\":{\"@id\":\"\\\/#organization\"},\"potentialAction\":[{\"@type\":\"SearchAction\",\"target\":{\"@type\":\"EntryPoint\",\"urlTemplate\":\"\\\/?s={search_term_string}\"},\"query-input\":{\"@type\":\"PropertyValueSpecification\",\"valueRequired\":true,\"valueName\":\"search_term_string\"}}],\"inLanguage\":\"es\"},{\"@type\":\"Organization\",\"@id\":\"\\\/#organization\",\"name\":\"Apartaments Tur\u00edstics Cal Patoi\",\"url\":\"\\\/\",\"logo\":{\"@type\":\"ImageObject\",\"inLanguage\":\"es\",\"@id\":\"\\\/#\\\/schema\\\/logo\\\/image\\\/\",\"url\":\"https:\\\/\\\/apartamentscalpatoi.cat\\\/wp-content\\\/uploads\\\/2020\\\/09\\\/logo-cal-patoi.png\",\"contentUrl\":\"https:\\\/\\\/apartamentscalpatoi.cat\\\/wp-content\\\/uploads\\\/2020\\\/09\\\/logo-cal-patoi.png\",\"width\":294,\"height\":66,\"caption\":\"Apartaments Tur\u00edstics Cal Patoi\"},\"image\":{\"@id\":\"\\\/#\\\/schema\\\/logo\\\/image\\\/\"},\"sameAs\":[\"https:\\\/\\\/www.facebook.com\\\/apartamentscalpatoi\",\"https:\\\/\\\/www.instagram.com\\\/cal_patoi\\\/\"]}]}<\/script>\n<!-- \/ Yoast SEO plugin. -->","yoast_head_json":{"title":"Entorno y Actividades en la Cerdanya - Apartamentos Tur\u00edsticos Cal Patoi","description":"Descubre el entorno y las actividades disponibles en la Cerdanya en tu estancia en nuestros apartamentos. \u00a1Pide m\u00e1s informaci\u00f3n!","robots":{"index":"index","follow":"follow","max-snippet":"max-snippet:-1","max-image-preview":"max-image-preview:large","max-video-preview":"max-video-preview:-1"},"canonical":"https:\/\/apartamentscalpatoi.cat\/es\/entorno-y-actividades\/","og_locale":"es_ES","og_type":"article","og_title":"Entorno y Actividades en la Cerdanya - Apartamentos Tur\u00edsticos Cal Patoi","og_description":"Descubre el entorno y las actividades disponibles en la Cerdanya en tu estancia en nuestros apartamentos. \u00a1Pide m\u00e1s informaci\u00f3n!","og_url":"https:\/\/apartamentscalpatoi.cat\/es\/entorno-y-actividades\/","og_site_name":"Cal Patoi","article_publisher":"https:\/\/www.facebook.com\/apartamentscalpatoi","article_modified_time":"2020-10-29T10:19:33+00:00","twitter_card":"summary_large_image","twitter_misc":{"Tiempo de lectura":"3 minutos"},"schema":{"@context":"https:\/\/schema.org","@graph":[{"@type":"WebPage","@id":"https:\/\/apartamentscalpatoi.cat\/es\/entorno-y-actividades\/","url":"https:\/\/apartamentscalpatoi.cat\/es\/entorno-y-actividades\/","name":"Entorno y Actividades en la Cerdanya - Apartamentos Tur\u00edsticos Cal Patoi","isPartOf":{"@id":"\/#website"},"datePublished":"2020-10-28T12:53:11+00:00","dateModified":"2020-10-29T10:19:33+00:00","description":"Descubre el entorno y las actividades disponibles en la Cerdanya en tu estancia en nuestros apartamentos. \u00a1Pide m\u00e1s informaci\u00f3n!","breadcrumb":{"@id":"https:\/\/apartamentscalpatoi.cat\/es\/entorno-y-actividades\/#breadcrumb"},"inLanguage":"es","potentialAction":[{"@type":"ReadAction","target":["https:\/\/apartamentscalpatoi.cat\/es\/entorno-y-actividades\/"]}]},{"@type":"BreadcrumbList","@id":"https:\/\/apartamentscalpatoi.cat\/es\/entorno-y-actividades\/#breadcrumb","itemListElement":[{"@type":"ListItem","position":1,"name":"Home","item":"https:\/\/apartamentscalpatoi.cat\/es\/"},{"@type":"ListItem","position":2,"name":"Entorno y actividades"}]},{"@type":"WebSite","@id":"\/#website","url":"\/","name":"Cal Patoi","description":"Apartaments de nova construcci\u00f3 a la Cerdanya, entre Puigcerd\u00e0, la Seu d&#039;Urgell i Andorra. Ideals per gaudir d&#039;una estada tranquil\u00b7la i agradable, rodejats pel...","publisher":{"@id":"\/#organization"},"potentialAction":[{"@type":"SearchAction","target":{"@type":"EntryPoint","urlTemplate":"\/?s={search_term_string}"},"query-input":{"@type":"PropertyValueSpecification","valueRequired":true,"valueName":"search_term_string"}}],"inLanguage":"es"},{"@type":"Organization","@id":"\/#organization","name":"Apartaments Tur\u00edstics Cal Patoi","url":"\/","logo":{"@type":"ImageObject","inLanguage":"es","@id":"\/#\/schema\/logo\/image\/","url":"https:\/\/apartamentscalpatoi.cat\/wp-content\/uploads\/2020\/09\/logo-cal-patoi.png","contentUrl":"https:\/\/apartamentscalpatoi.cat\/wp-content\/uploads\/2020\/09\/logo-cal-patoi.png","width":294,"height":66,"caption":"Apartaments Tur\u00edstics Cal Patoi"},"image":{"@id":"\/#\/schema\/logo\/image\/"},"sameAs":["https:\/\/www.facebook.com\/apartamentscalpatoi","https:\/\/www.instagram.com\/cal_patoi\/"]}]}},"_links":{"self":[{"href":"https:\/\/apartamentscalpatoi.cat\/es\/wp-json\/wp\/v2\/pages\/1368","targetHints":{"allow":["GET"]}}],"collection":[{"href":"https:\/\/apartamentscalpatoi.cat\/es\/wp-json\/wp\/v2\/pages"}],"about":[{"href":"https:\/\/apartamentscalpatoi.cat\/es\/wp-json\/wp\/v2\/types\/page"}],"author":[{"embeddable":true,"href":"https:\/\/apartamentscalpatoi.cat\/es\/wp-json\/wp\/v2\/users\/4"}],"replies":[{"embeddable":true,"href":"https:\/\/apartamentscalpatoi.cat\/es\/wp-json\/wp\/v2\/comments?post=1368"}],"version-history":[{"count":0,"href":"https:\/\/apartamentscalpatoi.cat\/es\/wp-json\/wp\/v2\/pages\/1368\/revisions"}],"wp:attachment":[{"href":"https:\/\/apartamentscalpatoi.cat\/es\/wp-json\/wp\/v2\/media?parent=1368"}],"curies":[{"name":"wp","href":"https:\/\/api.w.org\/{rel}","templated":true}]}}