{"id":1363,"date":"2020-10-28T13:44:58","date_gmt":"2020-10-28T12:44:58","guid":{"rendered":"https:\/\/apartamentscalpatoi.cat\/?page_id=1363"},"modified":"2020-10-28T18:47:25","modified_gmt":"2020-10-28T17:47:25","slug":"politica-de-privacidad-y-proteccion-de-datos","status":"publish","type":"page","link":"https:\/\/apartamentscalpatoi.cat\/es\/politica-de-privacidad-y-proteccion-de-datos\/","title":{"rendered":"POL\u00cdTICA DE PRIVACIDAD Y PROTECCI\u00d3N DE DATOS"},"content":{"rendered":"<p>[vc_section][\/vc_section][vc_section][vc_row][vc_column]<!--================ Section Heading ================-->\n<script>\n    (function($){\n        'use strict';\n\n        if(!$) return;\n\n        $(function(){\n            if(window.appear) {\n                appear({\n                    elements: function(){\n                        return document.querySelectorAll('#vc-milenia-section-heading-e468a4b0a7b813fca7a4ebbff89e912a-17787652691856097368');\n                    },\n                    appear: function(element) {\n                        var $el = $(element);\n                        $el.addClass('milenia-visible').addClass($el.data('animation'));\n                    },\n                    reappear: false,\n                    bounds: -200\n                });\n            }\n        });\n    })(window.jQuery);\n<\/script>\n<div id=\"vc-milenia-section-heading-e468a4b0a7b813fca7a4ebbff89e912a-17787652691856097368\" class=\"milenia-section-heading text-center  milenia-visible\" data-animation=\"none\">\n    \n    <h2 class=\"milenia-section-title milenia-font--first-accented\" style=\"font-size: 52px;line-height: 58px;margin-bottom: 37px;text-transform: none;font-style: normal;font-weight: 400;\">Pol\u00edtica de privacidad y protecci\u00f3n de datos<\/h2>\n\n    \n<\/div>\n<!--================ End of Section Heading ================-->\n[vc_empty_space][vc_column_text]<span style=\"font-weight: 400;\">A continuaci\u00f3n, desde CARRERAS REBES S.L, ponemos a su disposici\u00f3n toda la informaci\u00f3n adicional concerniente al tratamiento de sus datos personales tal y como establecen las siguientes normativas:<\/span><\/p>\n<p><span style=\"font-weight: 400;\">&#8211; Reglamento (UE) 2016\/679 del Parlamento Europeo y del Consejo de 27 de abril de 2016 relativo a la protecci\u00f3n de las personas f\u00edsicas en lo que respecta al tratamiento de los datos personales y a la libre circulaci\u00f3n de estos datos (RGPD).<\/span><\/p>\n<p><span style=\"font-weight: 400;\">&#8211; Ley Org\u00e1nica 3\/2018, de 5 de diciembre de Protecci\u00f3n de Datos Personales y garant\u00eda de los derechos digitales (LOPDGDD).<\/span><\/p>\n<p><span style=\"font-weight: 400;\">&#8211; Ley 34\/ 2002, de 11 de julio, de Servicios de la Sociedad de la Informaci\u00f3n y de Comercio Electr\u00f3nico (LSSI-CE).<\/span><\/p>\n<p><b>RESPONSABLE DEL TRATAMIENTO:<\/b><\/p>\n<p><b>Identidad:<\/b><span style=\"font-weight: 400;\"> CARRERAS REB\u00c9S S.L.<\/span><\/p>\n<p><b>NIF:<\/b><span style=\"font-weight: 400;\"> B25625518<\/span><\/p>\n<p><b>Direcci\u00f3n:<\/b><span style=\"font-weight: 400;\"> C \/ Segre 28, baixos, CP 25724 Martinet de Cerdanya Lleida.<\/span><\/p>\n<p><span style=\"font-weight: 400;\">Inscrita en el Registro Mercantil de Lleida; Tomo 1049; Folio 74; Inscripci\u00f3n 2; Libro Diario Hoja L 20653.<\/span><\/p>\n<p><b>PRINCIPIOS APLICABLES AL TRATAMIENTO:<\/b><\/p>\n<p><span style=\"font-weight: 400;\">El tratamiento de los datos personales se someter\u00e1 a los siguientes principios recogidos en el art\u00edculo 5 del RGPD:<\/span><\/p>\n<p><span style=\"font-weight: 400;\">&#8211; Ser\u00e1n tratados de forma l\u00edcita, leal y transparente.<\/span><\/p>\n<p><span style=\"font-weight: 400;\">&#8211; Ser\u00e1n recogidos con fines determinados, expl\u00edcitos y leg\u00edtimos.<\/span><\/p>\n<p><span style=\"font-weight: 400;\">&#8211; Ser\u00e1n adecuados, limitados y pertinentes para los fines para los cuales van a ser tratados (minimizaci\u00f3n de datos).<\/span><\/p>\n<p><span style=\"font-weight: 400;\">&#8211; Ser\u00e1n exactos y estar\u00e1n en todo momento actualizados.<\/span><\/p>\n<p><span style=\"font-weight: 400;\">&#8211; Se garantizar\u00e1 su seguridad y confidencialidad.<\/span><\/p>\n<p><span style=\"font-weight: 400;\">&#8211; S\u00f3lo ser\u00e1n mantenidos de forma que se permita la identificaci\u00f3n del Usuario durante el tiempo necesario para los fines de su tratamiento.<\/span><\/p>\n<p><b>CATEGOR\u00cdAS DE DATOS PERSONALES:<\/b><\/p>\n<p><span style=\"font-weight: 400;\">Las categor\u00edas de datos que se tratan en nuestra entidad son \u00fanicamente datos identificativos. En ning\u00fan caso tratamos categor\u00edas especiales de datos (art\u00edculo 9 del RGPD).<\/span><\/p>\n<p><b>FINALIDAD DEL TRATAMIENTO:<\/b><\/p>\n<ol>\n<li><b>Formulario de contacto:<\/b><\/li>\n<\/ol>\n<p><span style=\"font-weight: 400;\">Los datos personales que nos has facilitado como Usuario a trav\u00e9s de este formulario se utilizar\u00e1n con las siguientes finalidades:<\/span><\/p>\n<p><span style=\"font-weight: 400;\">&#8211; Facilitar, agilizar y cumplir con los compromisos establecidos entre el Sitio Web y el Usuario o el mantenimiento de la relaci\u00f3n que se establezca en los formularios que \u00e9ste \u00faltimo rellene.<\/span><\/p>\n<p><span style=\"font-weight: 400;\">&#8211; Gestionar cualquier tipo de solicitud o consulta.<\/span><\/p>\n<p><span style=\"font-weight: 400;\">&#8211; Dudas, quejas, comentarios o inquietudes que puedas tener relativas a la informaci\u00f3n incluida en la web.<\/span><\/p>\n<p><span style=\"font-weight: 400;\">&#8211; Tramitar las solicitudes relacionadas con el ejercicio de los derechos que usted como interesado puede ejercitar.<\/span><\/p>\n<p><span style=\"font-weight: 400;\">El formulario registrar\u00e1 los siguientes campos:<\/span><\/p>\n<p><span style=\"font-weight: 400;\">&#8211; Obligatorios: nombre y apellidos, email, tel\u00e9fono, c\u00f3digo de seguridad.<\/span><\/p>\n<p><span style=\"font-weight: 400;\">&#8211; Opcionales: comentarios<\/span><\/p>\n<ol start=\"2\">\n<li><b>Formulario de suscripci\u00f3n a newsletter:<\/b><\/li>\n<\/ol>\n<p><span style=\"font-weight: 400;\">En la p\u00e1gina web se permite la opci\u00f3n de suscribirse a la newsltter de CARRERAS REBES S.L Para ello es necesario que nos facilite una direcci\u00f3n de correo electr\u00f3nico a la que se remitir\u00e1 la misma.<\/span><\/p>\n<p><span style=\"font-weight: 400;\">Tal informaci\u00f3n ser\u00e1 almacenada en una base de datos en la cual quedar\u00e1 registrada hasta que el interesado solicite la baja de la misma o en su caso cese por parte de nuestra entidad el env\u00edo de la misma. La base legal para el tratamiento de estos datos personales es el consentimiento expreso prestado por todos aquellos interesados que se suscriban en este servicio marcando la casilla destinada a tal efecto.<\/span><\/p>\n<p><b>LEGITIMACI\u00d3N:<\/b><\/p>\n<p><span style=\"font-weight: 400;\">La base legal para el tratamiento de sus datos se basa en el consentimiento otorgado al completar cualquiera de los formularios que dispone la empresa. El Usuario tendr\u00e1 derecho a retirar su consentimiento en cualquier momento.<\/span><\/p>\n<p><span style=\"font-weight: 400;\">Al rellenar los formularios, marcar la casilla \u201cAcepto la Pol\u00edtica de Privacidad\u201d y hacer clic para enviar los datos, o al remitir los correos electr\u00f3nicos a nuestra entidad a trav\u00e9s de las cuentas habilitadas al efecto, el Usuario manifiesta haber le\u00eddo y aceptado expresamente la presente pol\u00edtica de privacidad y otorga su consentimiento inequ\u00edvoco y expreso al tratamiento de sus datos personales conforme a las finalidades informadas.<\/span><\/p>\n<p><b>PROCEDENCIA:<\/b><\/p>\n<p><span style=\"font-weight: 400;\">Los datos personales tratados por la empresa proceder\u00e1n directamente de los interesados a trav\u00e9s de:<\/span><\/p>\n<p><span style=\"font-weight: 400;\">&#8211; Formularios de contacto.<\/span><\/p>\n<p><span style=\"font-weight: 400;\">&#8211; Correo electr\u00f3nico directo a alguna de nuestras cuentas de Email.<\/span><\/p>\n<p><b>CONSERVACI\u00d3N:<\/b><\/p>\n<p><span style=\"font-weight: 400;\">Los datos personales se conservar\u00e1n mientras el Usuario no solicite su supresi\u00f3n, y los tratar\u00e1 en cumplimiento del principio de limitaci\u00f3n del plazo de conservaci\u00f3n, durante el tiempo necesario para el cumplimiento de las finalidades para las que los mismos fueron recabados, as\u00ed como para determinar las posibles responsabilidades que se pudieran derivar de la finalidad dentro de los periodos establecidos en la normativa de archivos y documentaci\u00f3n.<\/span><\/p>\n<p><b>COMUNICACI\u00d3N DE DATOS:<\/b><\/p>\n<p><span style=\"font-weight: 400;\">CARRERAS REBES S.L informa a los Usuarios de que sus datos personales no ser\u00e1n comunicados a terceros, con la salvedad de que dicha comunicaci\u00f3n de datos est\u00e9 amparada por una obligaci\u00f3n legal o cuando la prestaci\u00f3n de un servicio implique la necesidad de una relaci\u00f3n contractual con el encargado del tratamiento.<\/span><\/p>\n<p><span style=\"font-weight: 400;\">CARRERAS REBES S.L mantiene unos criterios estrictos de selecci\u00f3n de los encargados del tratamiento y se compromete contractualmente con cada uno de ellos a cumplir y hacer cumplir las obligaciones establecidas en materia de protecci\u00f3n de datos de acuerdo a la normativa vigente.<\/span><\/p>\n<p><b>DERECHOS:<\/b><\/p>\n<p><span style=\"font-weight: 400;\">El usuario podr\u00e1 ejercer los derechos de acceso, rectificaci\u00f3n, supresi\u00f3n, portabilidad y limitaci\u00f3n enviando una comunicaci\u00f3n junto con una copia de su documento identificativo a la direcci\u00f3n social C\/ Segre 28 baixos, CP 25724, Martinet de Cerdanya Lleida, en el formulario facilitado en la presente web o en el correo electr\u00f3nico: info@calpatoi.cat.<\/span><\/p>\n<p><span style=\"font-weight: 400;\">Puedes presentar una reclamaci\u00f3n ante la Agencia Espa\u00f1ola de Protecci\u00f3n de Datos si considera que el tratamiento no se ajusta a la normativa (www.agpd.es).<\/span>[\/vc_column_text][\/vc_column][\/vc_row][\/vc_section]<\/p>\n","protected":false},"excerpt":{"rendered":"<p>[vc_section][\/vc_section][vc_section][vc_row][vc_column][vc_empty_space][vc_column_text]A continuaci\u00f3n, desde CARRERAS REBES S.L, ponemos a su disposici\u00f3n toda la informaci\u00f3n adicional concerniente al tratamiento de&#8230;<\/p>\n","protected":false},"author":4,"featured_media":0,"parent":0,"menu_order":0,"comment_status":"closed","ping_status":"closed","template":"","meta":{"footnotes":""},"class_list":["post-1363","page","type-page","status-publish","hentry"],"yoast_head":"<!-- This site is optimized with the Yoast SEO plugin v27.6 - https:\/\/yoast.com\/product\/yoast-seo-wordpress\/ -->\n<title>Pol\u00edtica de privacidad - Cal Patoi<\/title>\n<meta name=\"description\" content=\"Pol\u00edtica de privacidad y protecci\u00f3n de datos de la p\u00e1gina web de Cal Patoi.\" \/>\n<meta name=\"robots\" content=\"noindex, follow\" \/>\n<meta property=\"og:locale\" content=\"es_ES\" \/>\n<meta property=\"og:type\" content=\"article\" \/>\n<meta property=\"og:title\" content=\"Pol\u00edtica de privacidad - Cal Patoi\" \/>\n<meta property=\"og:description\" content=\"Pol\u00edtica de privacidad y protecci\u00f3n de datos de la p\u00e1gina web de Cal Patoi.\" \/>\n<meta property=\"og:url\" content=\"https:\/\/apartamentscalpatoi.cat\/es\/politica-de-privacidad-y-proteccion-de-datos\/\" \/>\n<meta property=\"og:site_name\" content=\"Cal Patoi\" \/>\n<meta property=\"article:publisher\" content=\"https:\/\/www.facebook.com\/apartamentscalpatoi\" \/>\n<meta property=\"article:modified_time\" content=\"2020-10-28T17:47:25+00:00\" \/>\n<meta name=\"twitter:card\" content=\"summary_large_image\" \/>\n<meta name=\"twitter:label1\" content=\"Tiempo de lectura\" \/>\n\t<meta name=\"twitter:data1\" content=\"5 minutos\" \/>\n<script type=\"application\/ld+json\" class=\"yoast-schema-graph\">{\"@context\":\"https:\\\/\\\/schema.org\",\"@graph\":[{\"@type\":\"WebPage\",\"@id\":\"https:\\\/\\\/apartamentscalpatoi.cat\\\/es\\\/politica-de-privacidad-y-proteccion-de-datos\\\/\",\"url\":\"https:\\\/\\\/apartamentscalpatoi.cat\\\/es\\\/politica-de-privacidad-y-proteccion-de-datos\\\/\",\"name\":\"Pol\u00edtica de privacidad - Cal Patoi\",\"isPartOf\":{\"@id\":\"\\\/#website\"},\"datePublished\":\"2020-10-28T12:44:58+00:00\",\"dateModified\":\"2020-10-28T17:47:25+00:00\",\"description\":\"Pol\u00edtica de privacidad y protecci\u00f3n de datos de la p\u00e1gina web de Cal Patoi.\",\"breadcrumb\":{\"@id\":\"https:\\\/\\\/apartamentscalpatoi.cat\\\/es\\\/politica-de-privacidad-y-proteccion-de-datos\\\/#breadcrumb\"},\"inLanguage\":\"es\",\"potentialAction\":[{\"@type\":\"ReadAction\",\"target\":[\"https:\\\/\\\/apartamentscalpatoi.cat\\\/es\\\/politica-de-privacidad-y-proteccion-de-datos\\\/\"]}]},{\"@type\":\"BreadcrumbList\",\"@id\":\"https:\\\/\\\/apartamentscalpatoi.cat\\\/es\\\/politica-de-privacidad-y-proteccion-de-datos\\\/#breadcrumb\",\"itemListElement\":[{\"@type\":\"ListItem\",\"position\":1,\"name\":\"Home\",\"item\":\"https:\\\/\\\/apartamentscalpatoi.cat\\\/es\\\/\"},{\"@type\":\"ListItem\",\"position\":2,\"name\":\"POL\u00cdTICA DE PRIVACIDAD Y PROTECCI\u00d3N DE DATOS\"}]},{\"@type\":\"WebSite\",\"@id\":\"\\\/#website\",\"url\":\"\\\/\",\"name\":\"Cal Patoi\",\"description\":\"Apartaments de nova construcci\u00f3 a la Cerdanya, entre Puigcerd\u00e0, la Seu d&#039;Urgell i Andorra. Ideals per gaudir d&#039;una estada tranquil\u00b7la i agradable, rodejats pel...\",\"publisher\":{\"@id\":\"\\\/#organization\"},\"potentialAction\":[{\"@type\":\"SearchAction\",\"target\":{\"@type\":\"EntryPoint\",\"urlTemplate\":\"\\\/?s={search_term_string}\"},\"query-input\":{\"@type\":\"PropertyValueSpecification\",\"valueRequired\":true,\"valueName\":\"search_term_string\"}}],\"inLanguage\":\"es\"},{\"@type\":\"Organization\",\"@id\":\"\\\/#organization\",\"name\":\"Apartaments Tur\u00edstics Cal Patoi\",\"url\":\"\\\/\",\"logo\":{\"@type\":\"ImageObject\",\"inLanguage\":\"es\",\"@id\":\"\\\/#\\\/schema\\\/logo\\\/image\\\/\",\"url\":\"https:\\\/\\\/apartamentscalpatoi.cat\\\/wp-content\\\/uploads\\\/2020\\\/09\\\/logo-cal-patoi.png\",\"contentUrl\":\"https:\\\/\\\/apartamentscalpatoi.cat\\\/wp-content\\\/uploads\\\/2020\\\/09\\\/logo-cal-patoi.png\",\"width\":294,\"height\":66,\"caption\":\"Apartaments Tur\u00edstics Cal Patoi\"},\"image\":{\"@id\":\"\\\/#\\\/schema\\\/logo\\\/image\\\/\"},\"sameAs\":[\"https:\\\/\\\/www.facebook.com\\\/apartamentscalpatoi\",\"https:\\\/\\\/www.instagram.com\\\/cal_patoi\\\/\"]}]}<\/script>\n<!-- \/ Yoast SEO plugin. -->","yoast_head_json":{"title":"Pol\u00edtica de privacidad - Cal Patoi","description":"Pol\u00edtica de privacidad y protecci\u00f3n de datos de la p\u00e1gina web de Cal Patoi.","robots":{"index":"noindex","follow":"follow"},"og_locale":"es_ES","og_type":"article","og_title":"Pol\u00edtica de privacidad - Cal Patoi","og_description":"Pol\u00edtica de privacidad y protecci\u00f3n de datos de la p\u00e1gina web de Cal Patoi.","og_url":"https:\/\/apartamentscalpatoi.cat\/es\/politica-de-privacidad-y-proteccion-de-datos\/","og_site_name":"Cal Patoi","article_publisher":"https:\/\/www.facebook.com\/apartamentscalpatoi","article_modified_time":"2020-10-28T17:47:25+00:00","twitter_card":"summary_large_image","twitter_misc":{"Tiempo de lectura":"5 minutos"},"schema":{"@context":"https:\/\/schema.org","@graph":[{"@type":"WebPage","@id":"https:\/\/apartamentscalpatoi.cat\/es\/politica-de-privacidad-y-proteccion-de-datos\/","url":"https:\/\/apartamentscalpatoi.cat\/es\/politica-de-privacidad-y-proteccion-de-datos\/","name":"Pol\u00edtica de privacidad - Cal Patoi","isPartOf":{"@id":"\/#website"},"datePublished":"2020-10-28T12:44:58+00:00","dateModified":"2020-10-28T17:47:25+00:00","description":"Pol\u00edtica de privacidad y protecci\u00f3n de datos de la p\u00e1gina web de Cal Patoi.","breadcrumb":{"@id":"https:\/\/apartamentscalpatoi.cat\/es\/politica-de-privacidad-y-proteccion-de-datos\/#breadcrumb"},"inLanguage":"es","potentialAction":[{"@type":"ReadAction","target":["https:\/\/apartamentscalpatoi.cat\/es\/politica-de-privacidad-y-proteccion-de-datos\/"]}]},{"@type":"BreadcrumbList","@id":"https:\/\/apartamentscalpatoi.cat\/es\/politica-de-privacidad-y-proteccion-de-datos\/#breadcrumb","itemListElement":[{"@type":"ListItem","position":1,"name":"Home","item":"https:\/\/apartamentscalpatoi.cat\/es\/"},{"@type":"ListItem","position":2,"name":"POL\u00cdTICA DE PRIVACIDAD Y PROTECCI\u00d3N DE DATOS"}]},{"@type":"WebSite","@id":"\/#website","url":"\/","name":"Cal Patoi","description":"Apartaments de nova construcci\u00f3 a la Cerdanya, entre Puigcerd\u00e0, la Seu d&#039;Urgell i Andorra. Ideals per gaudir d&#039;una estada tranquil\u00b7la i agradable, rodejats pel...","publisher":{"@id":"\/#organization"},"potentialAction":[{"@type":"SearchAction","target":{"@type":"EntryPoint","urlTemplate":"\/?s={search_term_string}"},"query-input":{"@type":"PropertyValueSpecification","valueRequired":true,"valueName":"search_term_string"}}],"inLanguage":"es"},{"@type":"Organization","@id":"\/#organization","name":"Apartaments Tur\u00edstics Cal Patoi","url":"\/","logo":{"@type":"ImageObject","inLanguage":"es","@id":"\/#\/schema\/logo\/image\/","url":"https:\/\/apartamentscalpatoi.cat\/wp-content\/uploads\/2020\/09\/logo-cal-patoi.png","contentUrl":"https:\/\/apartamentscalpatoi.cat\/wp-content\/uploads\/2020\/09\/logo-cal-patoi.png","width":294,"height":66,"caption":"Apartaments Tur\u00edstics Cal Patoi"},"image":{"@id":"\/#\/schema\/logo\/image\/"},"sameAs":["https:\/\/www.facebook.com\/apartamentscalpatoi","https:\/\/www.instagram.com\/cal_patoi\/"]}]}},"_links":{"self":[{"href":"https:\/\/apartamentscalpatoi.cat\/es\/wp-json\/wp\/v2\/pages\/1363","targetHints":{"allow":["GET"]}}],"collection":[{"href":"https:\/\/apartamentscalpatoi.cat\/es\/wp-json\/wp\/v2\/pages"}],"about":[{"href":"https:\/\/apartamentscalpatoi.cat\/es\/wp-json\/wp\/v2\/types\/page"}],"author":[{"embeddable":true,"href":"https:\/\/apartamentscalpatoi.cat\/es\/wp-json\/wp\/v2\/users\/4"}],"replies":[{"embeddable":true,"href":"https:\/\/apartamentscalpatoi.cat\/es\/wp-json\/wp\/v2\/comments?post=1363"}],"version-history":[{"count":0,"href":"https:\/\/apartamentscalpatoi.cat\/es\/wp-json\/wp\/v2\/pages\/1363\/revisions"}],"wp:attachment":[{"href":"https:\/\/apartamentscalpatoi.cat\/es\/wp-json\/wp\/v2\/media?parent=1363"}],"curies":[{"name":"wp","href":"https:\/\/api.w.org\/{rel}","templated":true}]}}