{"id":1352,"date":"2020-10-28T13:34:41","date_gmt":"2020-10-28T12:34:41","guid":{"rendered":"https:\/\/apartamentscalpatoi.cat\/?page_id=1352"},"modified":"2020-10-28T18:50:30","modified_gmt":"2020-10-28T17:50:30","slug":"covid-19","status":"publish","type":"page","link":"https:\/\/apartamentscalpatoi.cat\/es\/covid-19\/","title":{"rendered":"Covid-19"},"content":{"rendered":"<p>[vc_section][\/vc_section][vc_section][vc_row][vc_column]<!--================ Section Heading ================-->\n<script>\n    (function($){\n        'use strict';\n\n        if(!$) return;\n\n        $(function(){\n            if(window.appear) {\n                appear({\n                    elements: function(){\n                        return document.querySelectorAll('#vc-milenia-section-heading-0356650cc6f9bc010687316af89f291c-1778770367619871716');\n                    },\n                    appear: function(element) {\n                        var $el = $(element);\n                        $el.addClass('milenia-visible').addClass($el.data('animation'));\n                    },\n                    reappear: false,\n                    bounds: -200\n                });\n            }\n        });\n    })(window.jQuery);\n<\/script>\n<div id=\"vc-milenia-section-heading-0356650cc6f9bc010687316af89f291c-1778770367619871716\" class=\"milenia-section-heading text-center  milenia-visible\" data-animation=\"none\">\n    <h6 class=\"milenia-section-subtitle milenia-font--like-body\" style=\"font-size: 14px;line-height: 20px;letter-spacing: 4.2px;margin-bottom: 10px;text-transform: uppercase;font-style: normal;font-weight: 400;\">TODA LA INFORMACI\u00d3N QUE TE HACE FALTA<\/h6>\n\n    <h2 class=\"milenia-section-title milenia-font--first-accented\" style=\"font-size: 52px;line-height: 58px;margin-bottom: 37px;text-transform: none;font-style: normal;font-weight: 400;\">Covid-19<\/h2>\n\n    \n<\/div>\n<!--================ End of Section Heading ================-->\n[vc_column_text]<span style=\"font-weight: 400;\">Hemos estado trabajando para adaptar nuestros seis apartamentos independientes a los protocolos del Covid-19 que recomienda el Ministerio de Sanidad:<\/span><\/p>\n<ul>\n<li style=\"font-weight: 400;\"><span style=\"font-weight: 400;\">A la llegada dispondr\u00e1 de un kit de bienvenida con gel hidroalcoh\u00f3lico, mascarilla y guantes.<\/span><\/li>\n<li style=\"font-weight: 400;\"><span style=\"font-weight: 400;\">En las zonas comunes dispondr\u00e1 tambi\u00e9n de un dosificador de gel hidroalcoh\u00f3lico.<\/span><\/li>\n<li style=\"font-weight: 400;\"><span style=\"font-weight: 400;\">En la limpieza del apartamento, desinfectaremos con ozono realizando un tratamiento de choque, y tendremos especial atenci\u00f3n a desinfectar todos aquellos puntos que sean objeto de manipulaci\u00f3n.<\/span><\/li>\n<li style=\"font-weight: 400;\"><span style=\"font-weight: 400;\">Toda la ropa del apartamento se lava con servicio de lavander\u00eda a temperatura superior a 60\u00baC<\/span><\/li>\n<li style=\"font-weight: 400;\"><span style=\"font-weight: 400;\">No habr\u00e1 el rinc\u00f3n de los juguetes.<\/span><\/li>\n<li style=\"font-weight: 400;\"><span style=\"font-weight: 400;\">Con el fin de poder garantizar una limpieza y desinfecci\u00f3n oportuna del apartamento, la salida ser\u00e1 como m\u00e1ximo a las 12h y la entrada a partir de las 17h.<\/span><\/li>\n<li style=\"font-weight: 400;\"><span style=\"font-weight: 400;\">Entradas y salidas no presenciales: Los apartamentos disponen de un sistema de dom\u00f3tica que permite hacer la entrada en el apartamento con un c\u00f3digo que le facilitaremos, y los pagos se podr\u00e1n hacer a trav\u00e9s de la web o transferencia bancaria.<\/span><\/li>\n<li style=\"font-weight: 400;\"><span style=\"font-weight: 400;\">Cancelaciones. Siempre hemos sido flexibles pero en las actuales condiciones, a\u00fan m\u00e1s. Tendr\u00e1n la opci\u00f3n de cambiar las fechas o incluso cancelar con el retorno de la paga y se\u00f1al.<\/span><\/li>\n<\/ul>\n<p>[\/vc_column_text][\/vc_column][\/vc_row][\/vc_section]<\/p>\n","protected":false},"excerpt":{"rendered":"<p>[vc_section][\/vc_section][vc_section][vc_row][vc_column][vc_column_text]Hemos estado trabajando para adaptar nuestros seis apartamentos independientes a los protocolos del Covid-19 que recomienda el Ministerio&#8230;<\/p>\n","protected":false},"author":4,"featured_media":0,"parent":0,"menu_order":0,"comment_status":"closed","ping_status":"closed","template":"","meta":{"footnotes":""},"class_list":["post-1352","page","type-page","status-publish","hentry"],"yoast_head":"<!-- This site is optimized with the Yoast SEO plugin v27.6 - https:\/\/yoast.com\/product\/yoast-seo-wordpress\/ -->\n<title>Medidas de protecci\u00f3n contra COVID-19 - Cal Patoi<\/title>\n<meta name=\"description\" content=\"Hemos estado trabajando para adaptar nuestros seis apartamentos a los protocolos del Covid-19 que recomienda el Ministerio de Sanidad.\" \/>\n<meta name=\"robots\" content=\"index, follow, max-snippet:-1, max-image-preview:large, max-video-preview:-1\" \/>\n<link rel=\"canonical\" href=\"https:\/\/apartamentscalpatoi.cat\/es\/covid-19\/\" \/>\n<meta property=\"og:locale\" content=\"es_ES\" \/>\n<meta property=\"og:type\" content=\"article\" \/>\n<meta property=\"og:title\" content=\"Medidas de protecci\u00f3n contra COVID-19 - Cal Patoi\" \/>\n<meta property=\"og:description\" content=\"Hemos estado trabajando para adaptar nuestros seis apartamentos a los protocolos del Covid-19 que recomienda el Ministerio de Sanidad.\" \/>\n<meta property=\"og:url\" content=\"https:\/\/apartamentscalpatoi.cat\/es\/covid-19\/\" \/>\n<meta property=\"og:site_name\" content=\"Cal Patoi\" \/>\n<meta property=\"article:publisher\" content=\"https:\/\/www.facebook.com\/apartamentscalpatoi\" \/>\n<meta property=\"article:modified_time\" content=\"2020-10-28T17:50:30+00:00\" \/>\n<meta name=\"twitter:card\" content=\"summary_large_image\" \/>\n<meta name=\"twitter:label1\" content=\"Tiempo de lectura\" \/>\n\t<meta name=\"twitter:data1\" content=\"1 minuto\" \/>\n<script type=\"application\/ld+json\" class=\"yoast-schema-graph\">{\"@context\":\"https:\\\/\\\/schema.org\",\"@graph\":[{\"@type\":\"WebPage\",\"@id\":\"https:\\\/\\\/apartamentscalpatoi.cat\\\/es\\\/covid-19\\\/\",\"url\":\"https:\\\/\\\/apartamentscalpatoi.cat\\\/es\\\/covid-19\\\/\",\"name\":\"Medidas de protecci\u00f3n contra COVID-19 - Cal Patoi\",\"isPartOf\":{\"@id\":\"\\\/#website\"},\"datePublished\":\"2020-10-28T12:34:41+00:00\",\"dateModified\":\"2020-10-28T17:50:30+00:00\",\"description\":\"Hemos estado trabajando para adaptar nuestros seis apartamentos a los protocolos del Covid-19 que recomienda el Ministerio de Sanidad.\",\"breadcrumb\":{\"@id\":\"https:\\\/\\\/apartamentscalpatoi.cat\\\/es\\\/covid-19\\\/#breadcrumb\"},\"inLanguage\":\"es\",\"potentialAction\":[{\"@type\":\"ReadAction\",\"target\":[\"https:\\\/\\\/apartamentscalpatoi.cat\\\/es\\\/covid-19\\\/\"]}]},{\"@type\":\"BreadcrumbList\",\"@id\":\"https:\\\/\\\/apartamentscalpatoi.cat\\\/es\\\/covid-19\\\/#breadcrumb\",\"itemListElement\":[{\"@type\":\"ListItem\",\"position\":1,\"name\":\"Home\",\"item\":\"https:\\\/\\\/apartamentscalpatoi.cat\\\/es\\\/\"},{\"@type\":\"ListItem\",\"position\":2,\"name\":\"Covid-19\"}]},{\"@type\":\"WebSite\",\"@id\":\"\\\/#website\",\"url\":\"\\\/\",\"name\":\"Cal Patoi\",\"description\":\"Apartaments de nova construcci\u00f3 a la Cerdanya, entre Puigcerd\u00e0, la Seu d&#039;Urgell i Andorra. Ideals per gaudir d&#039;una estada tranquil\u00b7la i agradable, rodejats pel...\",\"publisher\":{\"@id\":\"\\\/#organization\"},\"potentialAction\":[{\"@type\":\"SearchAction\",\"target\":{\"@type\":\"EntryPoint\",\"urlTemplate\":\"\\\/?s={search_term_string}\"},\"query-input\":{\"@type\":\"PropertyValueSpecification\",\"valueRequired\":true,\"valueName\":\"search_term_string\"}}],\"inLanguage\":\"es\"},{\"@type\":\"Organization\",\"@id\":\"\\\/#organization\",\"name\":\"Apartaments Tur\u00edstics Cal Patoi\",\"url\":\"\\\/\",\"logo\":{\"@type\":\"ImageObject\",\"inLanguage\":\"es\",\"@id\":\"\\\/#\\\/schema\\\/logo\\\/image\\\/\",\"url\":\"https:\\\/\\\/apartamentscalpatoi.cat\\\/wp-content\\\/uploads\\\/2020\\\/09\\\/logo-cal-patoi.png\",\"contentUrl\":\"https:\\\/\\\/apartamentscalpatoi.cat\\\/wp-content\\\/uploads\\\/2020\\\/09\\\/logo-cal-patoi.png\",\"width\":294,\"height\":66,\"caption\":\"Apartaments Tur\u00edstics Cal Patoi\"},\"image\":{\"@id\":\"\\\/#\\\/schema\\\/logo\\\/image\\\/\"},\"sameAs\":[\"https:\\\/\\\/www.facebook.com\\\/apartamentscalpatoi\",\"https:\\\/\\\/www.instagram.com\\\/cal_patoi\\\/\"]}]}<\/script>\n<!-- \/ Yoast SEO plugin. -->","yoast_head_json":{"title":"Medidas de protecci\u00f3n contra COVID-19 - Cal Patoi","description":"Hemos estado trabajando para adaptar nuestros seis apartamentos a los protocolos del Covid-19 que recomienda el Ministerio de Sanidad.","robots":{"index":"index","follow":"follow","max-snippet":"max-snippet:-1","max-image-preview":"max-image-preview:large","max-video-preview":"max-video-preview:-1"},"canonical":"https:\/\/apartamentscalpatoi.cat\/es\/covid-19\/","og_locale":"es_ES","og_type":"article","og_title":"Medidas de protecci\u00f3n contra COVID-19 - Cal Patoi","og_description":"Hemos estado trabajando para adaptar nuestros seis apartamentos a los protocolos del Covid-19 que recomienda el Ministerio de Sanidad.","og_url":"https:\/\/apartamentscalpatoi.cat\/es\/covid-19\/","og_site_name":"Cal Patoi","article_publisher":"https:\/\/www.facebook.com\/apartamentscalpatoi","article_modified_time":"2020-10-28T17:50:30+00:00","twitter_card":"summary_large_image","twitter_misc":{"Tiempo de lectura":"1 minuto"},"schema":{"@context":"https:\/\/schema.org","@graph":[{"@type":"WebPage","@id":"https:\/\/apartamentscalpatoi.cat\/es\/covid-19\/","url":"https:\/\/apartamentscalpatoi.cat\/es\/covid-19\/","name":"Medidas de protecci\u00f3n contra COVID-19 - Cal Patoi","isPartOf":{"@id":"\/#website"},"datePublished":"2020-10-28T12:34:41+00:00","dateModified":"2020-10-28T17:50:30+00:00","description":"Hemos estado trabajando para adaptar nuestros seis apartamentos a los protocolos del Covid-19 que recomienda el Ministerio de Sanidad.","breadcrumb":{"@id":"https:\/\/apartamentscalpatoi.cat\/es\/covid-19\/#breadcrumb"},"inLanguage":"es","potentialAction":[{"@type":"ReadAction","target":["https:\/\/apartamentscalpatoi.cat\/es\/covid-19\/"]}]},{"@type":"BreadcrumbList","@id":"https:\/\/apartamentscalpatoi.cat\/es\/covid-19\/#breadcrumb","itemListElement":[{"@type":"ListItem","position":1,"name":"Home","item":"https:\/\/apartamentscalpatoi.cat\/es\/"},{"@type":"ListItem","position":2,"name":"Covid-19"}]},{"@type":"WebSite","@id":"\/#website","url":"\/","name":"Cal Patoi","description":"Apartaments de nova construcci\u00f3 a la Cerdanya, entre Puigcerd\u00e0, la Seu d&#039;Urgell i Andorra. Ideals per gaudir d&#039;una estada tranquil\u00b7la i agradable, rodejats pel...","publisher":{"@id":"\/#organization"},"potentialAction":[{"@type":"SearchAction","target":{"@type":"EntryPoint","urlTemplate":"\/?s={search_term_string}"},"query-input":{"@type":"PropertyValueSpecification","valueRequired":true,"valueName":"search_term_string"}}],"inLanguage":"es"},{"@type":"Organization","@id":"\/#organization","name":"Apartaments Tur\u00edstics Cal Patoi","url":"\/","logo":{"@type":"ImageObject","inLanguage":"es","@id":"\/#\/schema\/logo\/image\/","url":"https:\/\/apartamentscalpatoi.cat\/wp-content\/uploads\/2020\/09\/logo-cal-patoi.png","contentUrl":"https:\/\/apartamentscalpatoi.cat\/wp-content\/uploads\/2020\/09\/logo-cal-patoi.png","width":294,"height":66,"caption":"Apartaments Tur\u00edstics Cal Patoi"},"image":{"@id":"\/#\/schema\/logo\/image\/"},"sameAs":["https:\/\/www.facebook.com\/apartamentscalpatoi","https:\/\/www.instagram.com\/cal_patoi\/"]}]}},"_links":{"self":[{"href":"https:\/\/apartamentscalpatoi.cat\/es\/wp-json\/wp\/v2\/pages\/1352","targetHints":{"allow":["GET"]}}],"collection":[{"href":"https:\/\/apartamentscalpatoi.cat\/es\/wp-json\/wp\/v2\/pages"}],"about":[{"href":"https:\/\/apartamentscalpatoi.cat\/es\/wp-json\/wp\/v2\/types\/page"}],"author":[{"embeddable":true,"href":"https:\/\/apartamentscalpatoi.cat\/es\/wp-json\/wp\/v2\/users\/4"}],"replies":[{"embeddable":true,"href":"https:\/\/apartamentscalpatoi.cat\/es\/wp-json\/wp\/v2\/comments?post=1352"}],"version-history":[{"count":0,"href":"https:\/\/apartamentscalpatoi.cat\/es\/wp-json\/wp\/v2\/pages\/1352\/revisions"}],"wp:attachment":[{"href":"https:\/\/apartamentscalpatoi.cat\/es\/wp-json\/wp\/v2\/media?parent=1352"}],"curies":[{"name":"wp","href":"https:\/\/api.w.org\/{rel}","templated":true}]}}