{"id":1347,"date":"2020-10-28T13:20:34","date_gmt":"2020-10-28T12:20:34","guid":{"rendered":"https:\/\/apartamentscalpatoi.cat\/?page_id=1347"},"modified":"2020-10-28T18:45:59","modified_gmt":"2020-10-28T17:45:59","slug":"politica-de-cookies","status":"publish","type":"page","link":"https:\/\/apartamentscalpatoi.cat\/es\/politica-de-cookies\/","title":{"rendered":"Pol\u00edtica de cookies"},"content":{"rendered":"<p>[vc_section][\/vc_section][vc_section][vc_row][vc_column]<!--================ Section Heading ================-->\n<script>\n    (function($){\n        'use strict';\n\n        if(!$) return;\n\n        $(function(){\n            if(window.appear) {\n                appear({\n                    elements: function(){\n                        return document.querySelectorAll('#vc-milenia-section-heading-a405e85d1b57a3cb81f2adbd98fd2ea4-17778736631418059575');\n                    },\n                    appear: function(element) {\n                        var $el = $(element);\n                        $el.addClass('milenia-visible').addClass($el.data('animation'));\n                    },\n                    reappear: false,\n                    bounds: -200\n                });\n            }\n        });\n    })(window.jQuery);\n<\/script>\n<div id=\"vc-milenia-section-heading-a405e85d1b57a3cb81f2adbd98fd2ea4-17778736631418059575\" class=\"milenia-section-heading text-center  milenia-visible\" data-animation=\"none\">\n    \n    <h2 class=\"milenia-section-title milenia-font--first-accented\" style=\"font-size: 52px;line-height: 58px;margin-bottom: 37px;text-transform: none;font-style: normal;font-weight: 400;\">Pol\u00edtica de cookies<\/h2>\n\n    \n<\/div>\n<!--================ End of Section Heading ================-->\n[vc_empty_space][vc_column_text]<span style=\"font-weight: 400;\">El acceso a este Sitio Web puede implicar la utilizaci\u00f3n de cookies. A continuaci\u00f3n, encontrar\u00e1s toda la informaci\u00f3n detallada para saber <b>qu\u00e9<\/b> son las \u201cCookies\u201d, qu\u00e9 <b>tipos<\/b> de cookies existen, qu\u00e9 tipo de cookies utilizamos, y <b>c\u00f3mo<\/b> puedes desactivarlas en tu navegador.<\/span><\/p>\n<p><b>\u00bfQu\u00e9 son las cookies?<\/b><\/p>\n<p><span style=\"font-weight: 400;\">Las cookies son peque\u00f1as cantidades de informaci\u00f3n que se almacenan en el navegador utilizado por cada Usuario -en los distintos dispositivos que se pueda utilizar para navegar- para que el servidor recuerde cierta informaci\u00f3n que posteriormente y \u00fanicamente el servidor que la implement\u00f3 leer\u00e1.<\/span><\/p>\n<p><span style=\"font-weight: 400;\">Son archivos que se pueden descargar en su equipo a trav\u00e9s de las p\u00e1ginas web y permiten almacenar y recuperar informaci\u00f3n sobre los h\u00e1bitos de navegaci\u00f3n de un usuario o de su equipo. Se puede utilizar para mejorar el servicio que se ofrece a trav\u00e9s de la p\u00e1gina y para el reconocimiento del usuario que accede a la misma.<\/span><\/p>\n<p><b>\u00bfQu\u00e9 tipo de cookies existen?<\/b><\/p>\n<ul>\n<li><b>Cookies propias<\/b><span style=\"font-weight: 400;\">: son las enviadas al equipo terminal del usuario desde un dominio gestionado por el prestador del servicio solicitado por el usuario.<\/span><\/li>\n<li><b>Cookies de terceros:<\/b><span style=\"font-weight: 400;\"> son aquellas que se env\u00edan al equipo terminal del usuario desde un dominio que no es gestionado por el prestador del servicio solicitado por el usuario, sino que es enviado por otra entidad que trata los datos obtenidos a trav\u00e9s de las cookies.<\/span><\/li>\n<li><b>Cookies t\u00e9cnicas:<\/b><span style=\"font-weight: 400;\"> son aquellas que permiten al usuario la navegaci\u00f3n a trav\u00e9s de una p\u00e1gina web, plataforma o aplicaci\u00f3n y la utilizaci\u00f3n de las diferentes opciones o servicios que en ella existan.<\/span><\/li>\n<li><b>Cookies de personalizaci\u00f3n:<\/b><span style=\"font-weight: 400;\"> son aquellas que permiten al usuario acceder al servicio con algunas caracter\u00edsticas de car\u00e1cter general predefinidas en funci\u00f3n de una serie de criterios en el terminal del usuario.<\/span><\/li>\n<li><b>Cookies de redes sociales externas:<\/b><span style=\"font-weight: 400;\"> la finalidad para la cual se utilizan es para que los visitantes puedan interactuar el contenido de diferentes plataformas sociales.<\/span><\/li>\n<li><b>Cookies de an\u00e1lisis:<\/b><span style=\"font-weight: 400;\"> tienen por finalidad recoger informaci\u00f3n an\u00f3nima para llevar a cabo un seguimiento y an\u00e1lisis del comportamiento de los usuarios de los sitios web a los que est\u00e1n vinculados.<\/span><\/li>\n<li><b>Cookies publicitarias:<\/b><span style=\"font-weight: 400;\"> permiten gestionar los espacios publicitarios de una web de la manera m\u00e1s eficaz posible.<\/span><\/li>\n<li><b>Cookies de publicidad comportamental:<\/b><span style=\"font-weight: 400;\"> tienen por finalidad observar de manera continuada los h\u00e1bitos de navegaci\u00f3n de los usuarios de una web para desarrollar perfiles espec\u00edficos y mostrar publicidad en funci\u00f3n de los mismos.<\/span><\/li>\n<li><b>Cookies de sesi\u00f3n:<\/b><span style=\"font-weight: 400;\"> est\u00e1n preparadas para almacenar datos a la vez que el usuario accede a una p\u00e1gina web.<\/span><\/li>\n<li><b>Cookies persistentes:<\/b><span style=\"font-weight: 400;\"> los datos estar\u00e1n almacenados durante el periodo de tiempo definido por el responsable.<\/span><\/li>\n<\/ul>\n<p><b>\u00bfQu\u00e9 tipo de cookies utilizamos?<\/b><\/p>\n<p><span style=\"font-weight: 400;\">Navegar por este portal supone que se puedan instalar las siguientes cookies:<\/span><\/p>\n<p><b>\u00bfSe pueden eliminar las cookies?<\/b><\/p>\n<p><span style=\"font-weight: 400;\">El Usuario puede deshabilitar, rechazar y eliminar las cookies \u2013 total o parcialmente- instaladas en su dispositivo mediante la configuraci\u00f3n de su navegador (entre los que se encuentran, por ejemplo, Internet Explorer, Chrome, Firefox, Safari). Al desactivar las cookies a trav\u00e9s de la configuraci\u00f3n de las opciones del navegador instalado en su equipo, algunos de los servicios podr\u00edan dejar de estar operativos. Hay que adaptar por separado la configuraci\u00f3n de cada navegador y equipo utilizado.<\/span><\/p>\n<p><span style=\"font-weight: 400;\">Bloquear o eliminar las cookies instaladas en su equipo mediante la configuraci\u00f3n de las opciones del navegador instalado en su ordenador;<\/span><\/p>\n<ol>\n<li><b> <\/b><b>INTERNET EXPLORER<\/b><\/li>\n<\/ol>\n<p><b>&#8211; Primer paso.<\/b><span style=\"font-weight: 400;\"> Clic en Herramientas y, despu\u00e9s, Opciones de Internet.<\/span><\/p>\n<p><b>&#8211; Segundo paso.<\/b><span style=\"font-weight: 400;\"> Clic en Privacidad y mover el control deslizante hasta el nivel de privacidad deseado y Aceptar.<\/span><\/p>\n<p><b>&#8211; Tercer paso.<\/b><span style=\"font-weight: 400;\"> Internet Explorer indica los tipos de cookies que se bloquean o permiten en cada uno de los niveles de privacidad.<\/span><\/p>\n<ol start=\"2\">\n<li><b> <\/b><b>CHROME<\/b><\/li>\n<\/ol>\n<p><b>&#8211; Primer paso.<\/b><span style=\"font-weight: 400;\"> Men\u00fa y configuraci\u00f3n.<\/span><\/p>\n<p><b>&#8211; Segundo paso.<\/b><span style=\"font-weight: 400;\"> Clic en Opciones Avanzadas.<\/span><\/p>\n<p><b>&#8211; Tercer paso.<\/b><span style=\"font-weight: 400;\"> \u201cPrivacidad\u201d y clic en Configuraci\u00f3n de contenido.<\/span><\/p>\n<p><b>&#8211; Cuarto paso.<\/b><span style=\"font-weight: 400;\"> Configurar opciones en la secci\u00f3n \u201cCookies\u201d.<\/span><\/p>\n<ol start=\"3\">\n<li><b> <\/b><b>FIREFOX<\/b><\/li>\n<\/ol>\n<p><b>&#8211; Primer paso.<\/b><span style=\"font-weight: 400;\"> Clic en el bot\u00f3n Firefox y Opciones.<\/span><\/p>\n<p><b>&#8211; Segundo paso.<\/b><span style=\"font-weight: 400;\"> Privacidad.<\/span><\/p>\n<p><b>&#8211; Tercer paso.<\/b><span style=\"font-weight: 400;\"> Usar una configuraci\u00f3n personalizada para el historial.<\/span><\/p>\n<p><b>&#8211; Cuarto paso.<\/b><span style=\"font-weight: 400;\"> Acepta cookies (para su activaci\u00f3n), y desmarcar cookies (para su desactivaci\u00f3n).<\/span><\/p>\n<p><b>&#8211; Quinto paso.<\/b><span style=\"font-weight: 400;\"> Elecci\u00f3n del tiempo de almacenamiento.<\/span><\/p>\n<p><b>&#8211; Sexto paso.<\/b><span style=\"font-weight: 400;\"> Aceptar y cerrar la ventana de Opciones.<\/span><\/p>\n<ol start=\"4\">\n<li><b> <\/b><b>SAFARI<\/b><\/li>\n<\/ol>\n<p><b>&#8211; Primer paso.<\/b><span style=\"font-weight: 400;\"> Preferencias y Privacidad, elige Bloquear Cookies.<\/span><\/p>\n<p><b>&#8211; Segundo paso.<\/b><span style=\"font-weight: 400;\"> Seleccionar la opci\u00f3n.<\/span>[\/vc_column_text][\/vc_column][\/vc_row][\/vc_section]<\/p>\n","protected":false},"excerpt":{"rendered":"<p>[vc_section][\/vc_section][vc_section][vc_row][vc_column][vc_empty_space][vc_column_text]El acceso a este Sitio Web puede implicar la utilizaci\u00f3n de cookies. A continuaci\u00f3n, encontrar\u00e1s toda la informaci\u00f3n&#8230;<\/p>\n","protected":false},"author":4,"featured_media":0,"parent":0,"menu_order":0,"comment_status":"closed","ping_status":"closed","template":"","meta":{"footnotes":""},"class_list":["post-1347","page","type-page","status-publish","hentry"],"yoast_head":"<!-- This site is optimized with the Yoast SEO plugin v26.8 - https:\/\/yoast.com\/product\/yoast-seo-wordpress\/ -->\n<title>Pol\u00edtica de cookies - Cal Patoi<\/title>\n<meta name=\"description\" content=\"Pol\u00edtica de cookies de la p\u00e1gina web de Cal Patoi.\" \/>\n<meta name=\"robots\" content=\"noindex, follow\" \/>\n<meta property=\"og:locale\" content=\"es_ES\" \/>\n<meta property=\"og:type\" content=\"article\" \/>\n<meta property=\"og:title\" content=\"Pol\u00edtica de cookies - Cal Patoi\" \/>\n<meta property=\"og:description\" content=\"Pol\u00edtica de cookies de la p\u00e1gina web de Cal Patoi.\" \/>\n<meta property=\"og:url\" content=\"https:\/\/apartamentscalpatoi.cat\/es\/politica-de-cookies\/\" \/>\n<meta property=\"og:site_name\" content=\"Cal Patoi\" \/>\n<meta property=\"article:publisher\" content=\"https:\/\/www.facebook.com\/apartamentscalpatoi\" \/>\n<meta property=\"article:modified_time\" content=\"2020-10-28T17:45:59+00:00\" \/>\n<meta name=\"twitter:card\" content=\"summary_large_image\" \/>\n<meta name=\"twitter:label1\" content=\"Tiempo de lectura\" \/>\n\t<meta name=\"twitter:data1\" content=\"4 minutos\" \/>\n<script type=\"application\/ld+json\" class=\"yoast-schema-graph\">{\"@context\":\"https:\/\/schema.org\",\"@graph\":[{\"@type\":\"WebPage\",\"@id\":\"https:\/\/apartamentscalpatoi.cat\/es\/politica-de-cookies\/\",\"url\":\"https:\/\/apartamentscalpatoi.cat\/es\/politica-de-cookies\/\",\"name\":\"Pol\u00edtica de cookies - Cal Patoi\",\"isPartOf\":{\"@id\":\"\/#website\"},\"datePublished\":\"2020-10-28T12:20:34+00:00\",\"dateModified\":\"2020-10-28T17:45:59+00:00\",\"description\":\"Pol\u00edtica de cookies de la p\u00e1gina web de Cal Patoi.\",\"breadcrumb\":{\"@id\":\"https:\/\/apartamentscalpatoi.cat\/es\/politica-de-cookies\/#breadcrumb\"},\"inLanguage\":\"es\",\"potentialAction\":[{\"@type\":\"ReadAction\",\"target\":[\"https:\/\/apartamentscalpatoi.cat\/es\/politica-de-cookies\/\"]}]},{\"@type\":\"BreadcrumbList\",\"@id\":\"https:\/\/apartamentscalpatoi.cat\/es\/politica-de-cookies\/#breadcrumb\",\"itemListElement\":[{\"@type\":\"ListItem\",\"position\":1,\"name\":\"Home\",\"item\":\"https:\/\/apartamentscalpatoi.cat\/es\/\"},{\"@type\":\"ListItem\",\"position\":2,\"name\":\"Pol\u00edtica de cookies\"}]},{\"@type\":\"WebSite\",\"@id\":\"\/#website\",\"url\":\"\/\",\"name\":\"Cal Patoi\",\"description\":\"Apartaments de nova construcci\u00f3 a la Cerdanya, entre Puigcerd\u00e0, la Seu d&#039;Urgell i Andorra. Ideals per gaudir d&#039;una estada tranquil\u00b7la i agradable, rodejats pel...\",\"publisher\":{\"@id\":\"\/#organization\"},\"potentialAction\":[{\"@type\":\"SearchAction\",\"target\":{\"@type\":\"EntryPoint\",\"urlTemplate\":\"\/?s={search_term_string}\"},\"query-input\":{\"@type\":\"PropertyValueSpecification\",\"valueRequired\":true,\"valueName\":\"search_term_string\"}}],\"inLanguage\":\"es\"},{\"@type\":\"Organization\",\"@id\":\"\/#organization\",\"name\":\"Apartaments Tur\u00edstics Cal Patoi\",\"url\":\"\/\",\"logo\":{\"@type\":\"ImageObject\",\"inLanguage\":\"es\",\"@id\":\"\/#\/schema\/logo\/image\/\",\"url\":\"https:\/\/apartamentscalpatoi.cat\/wp-content\/uploads\/2020\/09\/logo-cal-patoi.png\",\"contentUrl\":\"https:\/\/apartamentscalpatoi.cat\/wp-content\/uploads\/2020\/09\/logo-cal-patoi.png\",\"width\":294,\"height\":66,\"caption\":\"Apartaments Tur\u00edstics Cal Patoi\"},\"image\":{\"@id\":\"\/#\/schema\/logo\/image\/\"},\"sameAs\":[\"https:\/\/www.facebook.com\/apartamentscalpatoi\",\"https:\/\/www.instagram.com\/cal_patoi\/\"]}]}<\/script>\n<!-- \/ Yoast SEO plugin. -->","yoast_head_json":{"title":"Pol\u00edtica de cookies - Cal Patoi","description":"Pol\u00edtica de cookies de la p\u00e1gina web de Cal Patoi.","robots":{"index":"noindex","follow":"follow"},"og_locale":"es_ES","og_type":"article","og_title":"Pol\u00edtica de cookies - Cal Patoi","og_description":"Pol\u00edtica de cookies de la p\u00e1gina web de Cal Patoi.","og_url":"https:\/\/apartamentscalpatoi.cat\/es\/politica-de-cookies\/","og_site_name":"Cal Patoi","article_publisher":"https:\/\/www.facebook.com\/apartamentscalpatoi","article_modified_time":"2020-10-28T17:45:59+00:00","twitter_card":"summary_large_image","twitter_misc":{"Tiempo de lectura":"4 minutos"},"schema":{"@context":"https:\/\/schema.org","@graph":[{"@type":"WebPage","@id":"https:\/\/apartamentscalpatoi.cat\/es\/politica-de-cookies\/","url":"https:\/\/apartamentscalpatoi.cat\/es\/politica-de-cookies\/","name":"Pol\u00edtica de cookies - Cal Patoi","isPartOf":{"@id":"\/#website"},"datePublished":"2020-10-28T12:20:34+00:00","dateModified":"2020-10-28T17:45:59+00:00","description":"Pol\u00edtica de cookies de la p\u00e1gina web de Cal Patoi.","breadcrumb":{"@id":"https:\/\/apartamentscalpatoi.cat\/es\/politica-de-cookies\/#breadcrumb"},"inLanguage":"es","potentialAction":[{"@type":"ReadAction","target":["https:\/\/apartamentscalpatoi.cat\/es\/politica-de-cookies\/"]}]},{"@type":"BreadcrumbList","@id":"https:\/\/apartamentscalpatoi.cat\/es\/politica-de-cookies\/#breadcrumb","itemListElement":[{"@type":"ListItem","position":1,"name":"Home","item":"https:\/\/apartamentscalpatoi.cat\/es\/"},{"@type":"ListItem","position":2,"name":"Pol\u00edtica de cookies"}]},{"@type":"WebSite","@id":"\/#website","url":"\/","name":"Cal Patoi","description":"Apartaments de nova construcci\u00f3 a la Cerdanya, entre Puigcerd\u00e0, la Seu d&#039;Urgell i Andorra. Ideals per gaudir d&#039;una estada tranquil\u00b7la i agradable, rodejats pel...","publisher":{"@id":"\/#organization"},"potentialAction":[{"@type":"SearchAction","target":{"@type":"EntryPoint","urlTemplate":"\/?s={search_term_string}"},"query-input":{"@type":"PropertyValueSpecification","valueRequired":true,"valueName":"search_term_string"}}],"inLanguage":"es"},{"@type":"Organization","@id":"\/#organization","name":"Apartaments Tur\u00edstics Cal Patoi","url":"\/","logo":{"@type":"ImageObject","inLanguage":"es","@id":"\/#\/schema\/logo\/image\/","url":"https:\/\/apartamentscalpatoi.cat\/wp-content\/uploads\/2020\/09\/logo-cal-patoi.png","contentUrl":"https:\/\/apartamentscalpatoi.cat\/wp-content\/uploads\/2020\/09\/logo-cal-patoi.png","width":294,"height":66,"caption":"Apartaments Tur\u00edstics Cal Patoi"},"image":{"@id":"\/#\/schema\/logo\/image\/"},"sameAs":["https:\/\/www.facebook.com\/apartamentscalpatoi","https:\/\/www.instagram.com\/cal_patoi\/"]}]}},"_links":{"self":[{"href":"https:\/\/apartamentscalpatoi.cat\/es\/wp-json\/wp\/v2\/pages\/1347","targetHints":{"allow":["GET"]}}],"collection":[{"href":"https:\/\/apartamentscalpatoi.cat\/es\/wp-json\/wp\/v2\/pages"}],"about":[{"href":"https:\/\/apartamentscalpatoi.cat\/es\/wp-json\/wp\/v2\/types\/page"}],"author":[{"embeddable":true,"href":"https:\/\/apartamentscalpatoi.cat\/es\/wp-json\/wp\/v2\/users\/4"}],"replies":[{"embeddable":true,"href":"https:\/\/apartamentscalpatoi.cat\/es\/wp-json\/wp\/v2\/comments?post=1347"}],"version-history":[{"count":0,"href":"https:\/\/apartamentscalpatoi.cat\/es\/wp-json\/wp\/v2\/pages\/1347\/revisions"}],"wp:attachment":[{"href":"https:\/\/apartamentscalpatoi.cat\/es\/wp-json\/wp\/v2\/media?parent=1347"}],"curies":[{"name":"wp","href":"https:\/\/api.w.org\/{rel}","templated":true}]}}